{"id":5825,"date":"2025-07-02T12:06:18","date_gmt":"2025-07-02T12:06:18","guid":{"rendered":"https:\/\/torrcaffe.it\/?post_type=product&#038;p=5825"},"modified":"2025-09-04T07:54:48","modified_gmt":"2025-09-04T07:54:48","slug":"100arabica_woodroasted-kaffeebohnen","status":"publish","type":"product","link":"https:\/\/torrcaffe.it\/de\/prodotto\/100arabica_woodroasted-kaffeebohnen\/","title":{"rendered":"WoodRoasted &#8211; 100% Arabica Kaffeebohnen"},"content":{"rendered":"","protected":false},"excerpt":{"rendered":"<p>Diese Linie zeichnet sich durch eine langsame Holzr\u00f6stung aus, die die alten Traditionen der Meisterr\u00f6ster widerspiegelt. Die Mischung besteht zu 100 % aus erlesenen Arabica-Bohnen, die aus den besten Plantagen Mittel- und S\u00fcdamerikas sowie Asiens stammen. Mit ihrem zarten und s\u00fc\u00dfen Geschmack, kombiniert mit dem vollmundigen Charakter der holzger\u00f6steten Bohnen, wird jede Tasse zu einem reinen Genussmoment. Ganze Kaffeebohnen, 1-kg-Beutel, holzger\u00f6stet von Torrcaff\u00e8.<\/p>\n","protected":false},"featured_media":5832,"template":"","meta":[],"product_cat":[55,69],"product_tag":[],"class_list":{"0":"post-5825","1":"product","2":"type-product","3":"status-publish","4":"has-post-thumbnail","6":"product_cat-horeca-de","7":"product_cat-holzgeroestet","9":"first","10":"instock","11":"shipping-taxable","12":"product-type-simple"},"aioseo_notices":[],"_links":{"self":[{"href":"https:\/\/torrcaffe.it\/de\/wp-json\/wp\/v2\/product\/5825","targetHints":{"allow":["GET"]}}],"collection":[{"href":"https:\/\/torrcaffe.it\/de\/wp-json\/wp\/v2\/product"}],"about":[{"href":"https:\/\/torrcaffe.it\/de\/wp-json\/wp\/v2\/types\/product"}],"wp:featuredmedia":[{"embeddable":true,"href":"https:\/\/torrcaffe.it\/de\/wp-json\/wp\/v2\/media\/5832"}],"wp:attachment":[{"href":"https:\/\/torrcaffe.it\/de\/wp-json\/wp\/v2\/media?parent=5825"}],"wp:term":[{"taxonomy":"product_cat","embeddable":true,"href":"https:\/\/torrcaffe.it\/de\/wp-json\/wp\/v2\/product_cat?post=5825"},{"taxonomy":"product_tag","embeddable":true,"href":"https:\/\/torrcaffe.it\/de\/wp-json\/wp\/v2\/product_tag?post=5825"}],"curies":[{"name":"wp","href":"https:\/\/api.w.org\/{rel}","templated":true}]}}