{"id":5401,"date":"2024-10-02T13:12:46","date_gmt":"2024-10-02T13:12:46","guid":{"rendered":"https:\/\/torrcaffe.it\/?post_type=product&#038;p=5401"},"modified":"2025-02-19T07:54:54","modified_gmt":"2025-02-19T07:54:54","slug":"woodroasted-gemahlener-kaffee-dose","status":"publish","type":"product","link":"https:\/\/torrcaffe.it\/de\/prodotto\/woodroasted-gemahlener-kaffee-dose\/","title":{"rendered":"WoodRoasted &#8211; Gemahlener Kaffee Dose"},"content":{"rendered":"","protected":false},"excerpt":{"rendered":"<p>Die Linie Woodroasted gemahlener Kaffee tr\u00e4gt die Essenz der alten Traditionen der Meisterr\u00f6ster, dank ihrer langsamen Holzr\u00f6stung, die jede einzelne Bohne hervorhebt.<br \/>\nDie Mischung, bestehend aus 70% Arabica und 30% Robusta, schafft eine perfekte Balance zwischen S\u00fc\u00dfe und Intensit\u00e4t.<br \/>\nDie Arabica verleiht einen zarten Geschmack, w\u00e4hrend die Robusta einen reichen und anhaltenden Geschmack hinzuf\u00fcgt.<br \/>\n250 g Gl\u00e4ser gemahlenen Kaffees, geeignet f\u00fcr Espresso- und Moka-Kaffeemaschinen.<\/p>\n","protected":false},"featured_media":3372,"template":"","meta":[],"product_cat":[55,69],"product_tag":[],"class_list":{"0":"post-5401","1":"product","2":"type-product","3":"status-publish","4":"has-post-thumbnail","6":"product_cat-horeca-de","7":"product_cat-holzgeroestet","9":"first","10":"instock","11":"shipping-taxable","12":"product-type-simple"},"aioseo_notices":[],"_links":{"self":[{"href":"https:\/\/torrcaffe.it\/de\/wp-json\/wp\/v2\/product\/5401","targetHints":{"allow":["GET"]}}],"collection":[{"href":"https:\/\/torrcaffe.it\/de\/wp-json\/wp\/v2\/product"}],"about":[{"href":"https:\/\/torrcaffe.it\/de\/wp-json\/wp\/v2\/types\/product"}],"wp:featuredmedia":[{"embeddable":true,"href":"https:\/\/torrcaffe.it\/de\/wp-json\/wp\/v2\/media\/3372"}],"wp:attachment":[{"href":"https:\/\/torrcaffe.it\/de\/wp-json\/wp\/v2\/media?parent=5401"}],"wp:term":[{"taxonomy":"product_cat","embeddable":true,"href":"https:\/\/torrcaffe.it\/de\/wp-json\/wp\/v2\/product_cat?post=5401"},{"taxonomy":"product_tag","embeddable":true,"href":"https:\/\/torrcaffe.it\/de\/wp-json\/wp\/v2\/product_tag?post=5401"}],"curies":[{"name":"wp","href":"https:\/\/api.w.org\/{rel}","templated":true}]}}