{"id":5398,"date":"2024-10-02T12:54:35","date_gmt":"2024-10-02T12:54:35","guid":{"rendered":"https:\/\/torrcaffe.it\/?post_type=product&#038;p=5398"},"modified":"2025-02-19T08:06:45","modified_gmt":"2025-02-19T08:06:45","slug":"mr-pablo-kaffeebohnen","status":"publish","type":"product","link":"https:\/\/torrcaffe.it\/de\/prodotto\/mr-pablo-kaffeebohnen\/","title":{"rendered":"Mr. Pablo &#8211; Kaffeebohnen"},"content":{"rendered":"","protected":false},"excerpt":{"rendered":"<p>Torrcaff\u00e8 wurde mit dem Ziel gegr\u00fcndet, den authentischsten Geschmack des Kaffees zur\u00fcckzubringen.<br \/>\nDank der Erfahrung unserer Meisterr\u00f6ster haben wir die alte Technik der Holzr\u00f6stung wiederbelebt und modernisiert.<br \/>\nEin langsamer R\u00f6stprozess, kombiniert mit Eichen- und Buchenholz aus den H\u00fcgeln von Reggio Emilia und Parma, verleiht unserem Kaffee einen unverwechselbaren Geschmack, ein gut definiertes Aroma und den richtigen K\u00f6rper.<br \/>\n1 kg Beutel Holzger\u00f6stete Kaffeebohnen von Torrcaff\u00e8.<\/p>\n","protected":false},"featured_media":3350,"template":"","meta":[],"product_cat":[55,67],"product_tag":[],"class_list":{"0":"post-5398","1":"product","2":"type-product","3":"status-publish","4":"has-post-thumbnail","6":"product_cat-horeca-de","7":"product_cat-herrpablo","9":"first","10":"instock","11":"shipping-taxable","12":"product-type-simple"},"aioseo_notices":[],"_links":{"self":[{"href":"https:\/\/torrcaffe.it\/de\/wp-json\/wp\/v2\/product\/5398","targetHints":{"allow":["GET"]}}],"collection":[{"href":"https:\/\/torrcaffe.it\/de\/wp-json\/wp\/v2\/product"}],"about":[{"href":"https:\/\/torrcaffe.it\/de\/wp-json\/wp\/v2\/types\/product"}],"wp:featuredmedia":[{"embeddable":true,"href":"https:\/\/torrcaffe.it\/de\/wp-json\/wp\/v2\/media\/3350"}],"wp:attachment":[{"href":"https:\/\/torrcaffe.it\/de\/wp-json\/wp\/v2\/media?parent=5398"}],"wp:term":[{"taxonomy":"product_cat","embeddable":true,"href":"https:\/\/torrcaffe.it\/de\/wp-json\/wp\/v2\/product_cat?post=5398"},{"taxonomy":"product_tag","embeddable":true,"href":"https:\/\/torrcaffe.it\/de\/wp-json\/wp\/v2\/product_tag?post=5398"}],"curies":[{"name":"wp","href":"https:\/\/api.w.org\/{rel}","templated":true}]}}