{"id":5388,"date":"2024-10-02T15:21:44","date_gmt":"2024-10-02T15:21:44","guid":{"rendered":"https:\/\/torrcaffe.it\/prodotto\/kipling\/"},"modified":"2025-02-18T10:43:34","modified_gmt":"2025-02-18T10:43:34","slug":"kipling","status":"publish","type":"product","link":"https:\/\/torrcaffe.it\/de\/prodotto\/kipling\/","title":{"rendered":"Kipling &#8211; Kaffeebohnen und gemahlener Kaffee"},"content":{"rendered":"","protected":false},"excerpt":{"rendered":"<p>Kaffeebohnen oder gemahlener Kipling: der Monsun-Kaffee.<br \/>Jahrhundert, als in London Kaffee aus Indien verwendet wurde, der sich nach wochenlanger Reise mit Feuchtigkeit vollgesogen hatte. Dadurch bildete sich eine seltsame gelbliche Patina, die sich im Laufe der Jahre als das Geheimnis dieses au\u00dfergew\u00f6hnlichen Kaffees herausstellte.<br \/>Die einzige M\u00f6glichkeit, diese Besonderheit wiederherzustellen, besteht darin, die Bohnen in Indien w\u00e4hrend der Monsunzeit anzubauen. Aus diesen Anbauten entstand unsere Kipling-Mischung, ein vollmundiger, intensiver und w\u00fcrziger Kaffee.<br \/>Erh\u00e4ltlich als Bohnenkaffee oder gemahlener Kaffee aus einer einzigen Herkunft f\u00fcr Espresso und italienischen Mokka.<\/p>\n","protected":false},"featured_media":3545,"template":"","meta":[],"product_cat":[72,73],"product_tag":[],"class_list":{"0":"post-5388","1":"product","2":"type-product","3":"status-publish","4":"has-post-thumbnail","6":"product_cat-andere-linien","7":"product_cat-spezialitat-kappare","9":"first","10":"instock","11":"shipping-taxable","12":"product-type-simple"},"aioseo_notices":[],"_links":{"self":[{"href":"https:\/\/torrcaffe.it\/de\/wp-json\/wp\/v2\/product\/5388","targetHints":{"allow":["GET"]}}],"collection":[{"href":"https:\/\/torrcaffe.it\/de\/wp-json\/wp\/v2\/product"}],"about":[{"href":"https:\/\/torrcaffe.it\/de\/wp-json\/wp\/v2\/types\/product"}],"wp:featuredmedia":[{"embeddable":true,"href":"https:\/\/torrcaffe.it\/de\/wp-json\/wp\/v2\/media\/3545"}],"wp:attachment":[{"href":"https:\/\/torrcaffe.it\/de\/wp-json\/wp\/v2\/media?parent=5388"}],"wp:term":[{"taxonomy":"product_cat","embeddable":true,"href":"https:\/\/torrcaffe.it\/de\/wp-json\/wp\/v2\/product_cat?post=5388"},{"taxonomy":"product_tag","embeddable":true,"href":"https:\/\/torrcaffe.it\/de\/wp-json\/wp\/v2\/product_tag?post=5388"}],"curies":[{"name":"wp","href":"https:\/\/api.w.org\/{rel}","templated":true}]}}