{"id":5384,"date":"2024-10-02T15:36:28","date_gmt":"2024-10-02T15:36:28","guid":{"rendered":"https:\/\/torrcaffe.it\/prodotto\/deka\/"},"modified":"2025-02-18T10:40:41","modified_gmt":"2025-02-18T10:40:41","slug":"deka","status":"publish","type":"product","link":"https:\/\/torrcaffe.it\/de\/prodotto\/deka\/","title":{"rendered":"Deka &#8211; Kaffeebohnen und gemahlener Kaffee"},"content":{"rendered":"","protected":false},"excerpt":{"rendered":"<p>Deka Kaffeebohnen und Gemahlener Kaffee: Der ganze Geschmack unseres Torrcaff\u00e8 Kaffees.<br \/>\nErh\u00e4ltlich in ganzen Bohnen, gemahlen f\u00fcr Espresso oder Moka, ist dieser entkoffeinierte Kaffee perfekt f\u00fcr jede Tageszeit. Sorgf\u00e4ltig mit Wasser gewaschen, ohne den Einsatz von Chemikalien, und anschlie\u00dfend holzger\u00f6stet.<br \/>\nDer resultierende Koffeingehalt liegt unter 0,10%, dennoch wird der entkoffeinierte Espresso, den Sie genie\u00dfen werden, den kr\u00e4ftigen Geschmack und das unverwechselbare Aroma aller unserer Produkte haben. <\/p>\n","protected":false},"featured_media":3579,"template":"","meta":[],"product_cat":[72,73],"product_tag":[],"class_list":{"0":"post-5384","1":"product","2":"type-product","3":"status-publish","4":"has-post-thumbnail","6":"product_cat-andere-linien","7":"product_cat-spezialitat-kappare","9":"first","10":"instock","11":"shipping-taxable","12":"product-type-simple"},"aioseo_notices":[],"_links":{"self":[{"href":"https:\/\/torrcaffe.it\/de\/wp-json\/wp\/v2\/product\/5384","targetHints":{"allow":["GET"]}}],"collection":[{"href":"https:\/\/torrcaffe.it\/de\/wp-json\/wp\/v2\/product"}],"about":[{"href":"https:\/\/torrcaffe.it\/de\/wp-json\/wp\/v2\/types\/product"}],"wp:featuredmedia":[{"embeddable":true,"href":"https:\/\/torrcaffe.it\/de\/wp-json\/wp\/v2\/media\/3579"}],"wp:attachment":[{"href":"https:\/\/torrcaffe.it\/de\/wp-json\/wp\/v2\/media?parent=5384"}],"wp:term":[{"taxonomy":"product_cat","embeddable":true,"href":"https:\/\/torrcaffe.it\/de\/wp-json\/wp\/v2\/product_cat?post=5384"},{"taxonomy":"product_tag","embeddable":true,"href":"https:\/\/torrcaffe.it\/de\/wp-json\/wp\/v2\/product_tag?post=5384"}],"curies":[{"name":"wp","href":"https:\/\/api.w.org\/{rel}","templated":true}]}}