{"id":5382,"date":"2024-10-02T15:37:18","date_gmt":"2024-10-02T15:37:18","guid":{"rendered":"https:\/\/torrcaffe.it\/prodotto\/karabon\/"},"modified":"2025-02-18T10:32:49","modified_gmt":"2025-02-18T10:32:49","slug":"karabon","status":"publish","type":"product","link":"https:\/\/torrcaffe.it\/de\/prodotto\/karabon\/","title":{"rendered":"Karabon &#8211; Kaffeebohnen und gemahlener Kaffee"},"content":{"rendered":"","protected":false},"excerpt":{"rendered":"<p>Bohnenkaffee und gemahlener Karabon: eine originelle Mischung.<br \/>\nDas Arbeitspferd von Torrcaff\u00e8. Eine Mischung, die zu 80% aus Arabica-Kaffee bester Herkunft besteht und sich deutlich von den auf dem Markt erh\u00e4ltlichen Sorten unterscheidet.<br \/>\nDas Ergebnis ist ein aromatischer, dichter und vollmundiger Kaffee mit geringem Koffeingehalt und niedriger S\u00e4ure. S\u00fc\u00dfe, blumige Aromen und ein Hauch von Gew\u00fcrzen, darunter schwarzer Pfeffer, machen das aromatische Spektrum dieser Mischung aus.<br \/>\nUnser Karabon ist perfekt f\u00fcr den ganzen Tag, aber vor allem f\u00fcr eine entspannende Pause.<br \/>\nErh\u00e4ltlich als Bohnenkaffee oder gemahlener Single-Origin-Kaffee f\u00fcr Espresso und italienischen Mokka.<\/p>\n","protected":false},"featured_media":3582,"template":"","meta":[],"product_cat":[72,73],"product_tag":[],"class_list":{"0":"post-5382","1":"product","2":"type-product","3":"status-publish","4":"has-post-thumbnail","6":"product_cat-andere-linien","7":"product_cat-spezialitat-kappare","9":"first","10":"instock","11":"shipping-taxable","12":"product-type-simple"},"aioseo_notices":[],"_links":{"self":[{"href":"https:\/\/torrcaffe.it\/de\/wp-json\/wp\/v2\/product\/5382","targetHints":{"allow":["GET"]}}],"collection":[{"href":"https:\/\/torrcaffe.it\/de\/wp-json\/wp\/v2\/product"}],"about":[{"href":"https:\/\/torrcaffe.it\/de\/wp-json\/wp\/v2\/types\/product"}],"wp:featuredmedia":[{"embeddable":true,"href":"https:\/\/torrcaffe.it\/de\/wp-json\/wp\/v2\/media\/3582"}],"wp:attachment":[{"href":"https:\/\/torrcaffe.it\/de\/wp-json\/wp\/v2\/media?parent=5382"}],"wp:term":[{"taxonomy":"product_cat","embeddable":true,"href":"https:\/\/torrcaffe.it\/de\/wp-json\/wp\/v2\/product_cat?post=5382"},{"taxonomy":"product_tag","embeddable":true,"href":"https:\/\/torrcaffe.it\/de\/wp-json\/wp\/v2\/product_tag?post=5382"}],"curies":[{"name":"wp","href":"https:\/\/api.w.org\/{rel}","templated":true}]}}