{"id":5376,"date":"2024-10-02T15:38:02","date_gmt":"2024-10-02T15:38:02","guid":{"rendered":"https:\/\/torrcaffe.it\/prodotto\/kusko\/"},"modified":"2025-02-18T10:21:28","modified_gmt":"2025-02-18T10:21:28","slug":"kusko","status":"publish","type":"product","link":"https:\/\/torrcaffe.it\/de\/prodotto\/kusko\/","title":{"rendered":"Kusko &#8211; Kaffeebohnen und gemahlener Kaffee"},"content":{"rendered":"","protected":false},"excerpt":{"rendered":"<p>Kaffeebohnen oder gemahlener Kusko: feiner 100%iger Arabica-Kaffee aus Guatemala. <br \/>Das perfekte Klima und der n\u00e4hrstoffreiche vulkanische Boden machen diesen Kaffee, der urspr\u00fcnglich aus San Pedro stammt, zu einem der besten der Welt. <br \/>Unsere Kusko-Mischung besteht zu 100 % aus Arabica-Bohnen, die in hohen Lagen und in einem sehr g\u00fcnstigen tropischen Klima angebaut werden. Die Tasse Kaffee hat einen vollen und \u00e4u\u00dferst lebendigen K\u00f6rper, ein perfektes Gleichgewicht zwischen Aroma und S\u00e4ure. <br \/>Noten von Gew\u00fcrzen, Karamell, Schokolade und ein Hauch von Pfirsich runden den Geschmack dieses au\u00dfergew\u00f6hnlichen Produkts ab. Erh\u00e4ltlich als Bohnenkaffee oder gemahlener Single-Origin-Kaffee f\u00fcr Espresso und italienischen Mokka.<\/p>\n","protected":false},"featured_media":3594,"template":"","meta":[],"product_cat":[72,73],"product_tag":[],"class_list":{"0":"post-5376","1":"product","2":"type-product","3":"status-publish","4":"has-post-thumbnail","6":"product_cat-andere-linien","7":"product_cat-spezialitat-kappare","9":"first","10":"instock","11":"shipping-taxable","12":"product-type-simple"},"aioseo_notices":[],"_links":{"self":[{"href":"https:\/\/torrcaffe.it\/de\/wp-json\/wp\/v2\/product\/5376","targetHints":{"allow":["GET"]}}],"collection":[{"href":"https:\/\/torrcaffe.it\/de\/wp-json\/wp\/v2\/product"}],"about":[{"href":"https:\/\/torrcaffe.it\/de\/wp-json\/wp\/v2\/types\/product"}],"wp:featuredmedia":[{"embeddable":true,"href":"https:\/\/torrcaffe.it\/de\/wp-json\/wp\/v2\/media\/3594"}],"wp:attachment":[{"href":"https:\/\/torrcaffe.it\/de\/wp-json\/wp\/v2\/media?parent=5376"}],"wp:term":[{"taxonomy":"product_cat","embeddable":true,"href":"https:\/\/torrcaffe.it\/de\/wp-json\/wp\/v2\/product_cat?post=5376"},{"taxonomy":"product_tag","embeddable":true,"href":"https:\/\/torrcaffe.it\/de\/wp-json\/wp\/v2\/product_tag?post=5376"}],"curies":[{"name":"wp","href":"https:\/\/api.w.org\/{rel}","templated":true}]}}