{"id":5373,"date":"2024-10-02T15:38:24","date_gmt":"2024-10-02T15:38:24","guid":{"rendered":"https:\/\/torrcaffe.it\/prodotto\/kaffeebohnen-oder-gemahlener-kopi-seltener-indonesischer-kaffee\/"},"modified":"2025-02-18T09:56:03","modified_gmt":"2025-02-18T09:56:03","slug":"kaffeebohnen-oder-gemahlener-kopi-seltener-indonesischer-kaffee","status":"publish","type":"product","link":"https:\/\/torrcaffe.it\/de\/prodotto\/kaffeebohnen-oder-gemahlener-kopi-seltener-indonesischer-kaffee\/","title":{"rendered":"Kopi &#8211; Kaffeebohnen und gemahlener Kaffee"},"content":{"rendered":"","protected":false},"excerpt":{"rendered":"<p>Kaffeebohnen oder gemahlener: seltener indonesischer Kaffee.<br \/>\nAuf einer Insel wie Indonesien, einem wichtigen Erzeuger und Exporteur von Bohnen in die ganze Welt, gibt es eine gro\u00dfe Anzahl von Kaffeesorten, die \u00fcber das gesamte Gebiet verstreut sind. Die kleinen Plantagen und die staatliche Kontrolle dar\u00fcber machen den indonesischen Kaffee jedoch \u00e4u\u00dferst wertvoll und selten.<br \/>\nDurch Studien und zahlreiche Versuche ist es uns gelungen, die besten Bohnen auszuw\u00e4hlen, um eine Mischung zu kreieren, die eine Tasse mit reichhaltiger und cremiger Textur, geringem S\u00e4uregehalt und tiefem Geschmack ergibt.<br \/>\nErh\u00e4ltlich als Bohnenkaffee oder gemahlener Kaffee aus einer einzigen Herkunft f\u00fcr Espresso und italienischen Mokka. <\/p>\n","protected":false},"featured_media":3591,"template":"","meta":[],"product_cat":[72,73],"product_tag":[],"class_list":{"0":"post-5373","1":"product","2":"type-product","3":"status-publish","4":"has-post-thumbnail","6":"product_cat-andere-linien","7":"product_cat-spezialitat-kappare","9":"first","10":"instock","11":"shipping-taxable","12":"product-type-simple"},"aioseo_notices":[],"_links":{"self":[{"href":"https:\/\/torrcaffe.it\/de\/wp-json\/wp\/v2\/product\/5373","targetHints":{"allow":["GET"]}}],"collection":[{"href":"https:\/\/torrcaffe.it\/de\/wp-json\/wp\/v2\/product"}],"about":[{"href":"https:\/\/torrcaffe.it\/de\/wp-json\/wp\/v2\/types\/product"}],"wp:featuredmedia":[{"embeddable":true,"href":"https:\/\/torrcaffe.it\/de\/wp-json\/wp\/v2\/media\/3591"}],"wp:attachment":[{"href":"https:\/\/torrcaffe.it\/de\/wp-json\/wp\/v2\/media?parent=5373"}],"wp:term":[{"taxonomy":"product_cat","embeddable":true,"href":"https:\/\/torrcaffe.it\/de\/wp-json\/wp\/v2\/product_cat?post=5373"},{"taxonomy":"product_tag","embeddable":true,"href":"https:\/\/torrcaffe.it\/de\/wp-json\/wp\/v2\/product_tag?post=5373"}],"curies":[{"name":"wp","href":"https:\/\/api.w.org\/{rel}","templated":true}]}}