{"id":5176,"date":"2024-10-02T14:50:13","date_gmt":"2024-10-02T14:50:13","guid":{"rendered":"https:\/\/torrcaffe.krescendo.it\/prodotto\/kapseln-kompatibel-mit-lavazza-espressopoint\/"},"modified":"2025-02-18T12:03:15","modified_gmt":"2025-02-18T12:03:15","slug":"kapseln-kompatibel-mit-lavazza-espressopoint","status":"publish","type":"product","link":"https:\/\/torrcaffe.it\/de\/prodotto\/kapseln-kompatibel-mit-lavazza-espressopoint\/","title":{"rendered":"Torrcaff\u00e8 &#8211; Lavazza Espresso Point kompatible Kapseln"},"content":{"rendered":"","protected":false},"excerpt":{"rendered":"<p>Eine Mischung aus Arabica und Robusta macht diesen Kaffee von Torrcaff\u00e8 einzigartig.<br \/>\nM\u00f6glich wird dies durch die Erfahrung unserer R\u00f6stmeister, die es dank der R\u00f6sttechnik \u00fcber Holz schaffen, dem Kaffee ein unverwechselbares Aroma, einen unverwechselbaren Geschmack und einen unverwechselbaren K\u00f6rper zu verleihen.<br \/>\nPackung mit 100 Kapseln kompatibel mit Lavazza Espresso Point.<\/p>\n","protected":false},"featured_media":3465,"template":"","meta":[],"product_cat":[59,60],"product_tag":[],"class_list":{"0":"post-5176","1":"product","2":"type-product","3":"status-publish","4":"has-post-thumbnail","6":"product_cat-home-line-de","7":"product_cat-kapseln","9":"first","10":"instock","11":"shipping-taxable","12":"product-type-simple"},"aioseo_notices":[],"_links":{"self":[{"href":"https:\/\/torrcaffe.it\/de\/wp-json\/wp\/v2\/product\/5176","targetHints":{"allow":["GET"]}}],"collection":[{"href":"https:\/\/torrcaffe.it\/de\/wp-json\/wp\/v2\/product"}],"about":[{"href":"https:\/\/torrcaffe.it\/de\/wp-json\/wp\/v2\/types\/product"}],"wp:featuredmedia":[{"embeddable":true,"href":"https:\/\/torrcaffe.it\/de\/wp-json\/wp\/v2\/media\/3465"}],"wp:attachment":[{"href":"https:\/\/torrcaffe.it\/de\/wp-json\/wp\/v2\/media?parent=5176"}],"wp:term":[{"taxonomy":"product_cat","embeddable":true,"href":"https:\/\/torrcaffe.it\/de\/wp-json\/wp\/v2\/product_cat?post=5176"},{"taxonomy":"product_tag","embeddable":true,"href":"https:\/\/torrcaffe.it\/de\/wp-json\/wp\/v2\/product_tag?post=5176"}],"curies":[{"name":"wp","href":"https:\/\/api.w.org\/{rel}","templated":true}]}}