{"id":4659,"date":"2024-10-02T13:21:50","date_gmt":"2024-10-02T13:21:50","guid":{"rendered":"https:\/\/torrcaffe.krescendo.it\/prodotto\/woodroasted-cup\/"},"modified":"2025-02-19T07:54:35","modified_gmt":"2025-02-19T07:54:35","slug":"woodroasted-cup","status":"publish","type":"product","link":"https:\/\/torrcaffe.it\/de\/prodotto\/woodroasted-cup\/","title":{"rendered":"WoodRoasted &#8211; Kaffeetasse"},"content":{"rendered":"","protected":false},"excerpt":{"rendered":"<p>Hergestellt aus hochwertiger Keramik und streng Made in Italy.<br \/>\nIdeal f\u00fcr Bars, Restaurants und Kaffeer\u00f6stereien. Das s-f\u00f6rmige Design mit dicken Kanten hilft, die ideale Temperatur des Kaffees l\u00e4nger zu halten und sein Aroma zu verst\u00e4rken.<br \/>\nWoodroasted Linie.<\/p>\n","protected":false},"featured_media":3395,"template":"","meta":[],"product_cat":[55,69],"product_tag":[],"class_list":{"0":"post-4659","1":"product","2":"type-product","3":"status-publish","4":"has-post-thumbnail","6":"product_cat-horeca-de","7":"product_cat-holzgeroestet","9":"first","10":"instock","11":"shipping-taxable","12":"product-type-simple"},"aioseo_notices":[],"_links":{"self":[{"href":"https:\/\/torrcaffe.it\/de\/wp-json\/wp\/v2\/product\/4659","targetHints":{"allow":["GET"]}}],"collection":[{"href":"https:\/\/torrcaffe.it\/de\/wp-json\/wp\/v2\/product"}],"about":[{"href":"https:\/\/torrcaffe.it\/de\/wp-json\/wp\/v2\/types\/product"}],"wp:featuredmedia":[{"embeddable":true,"href":"https:\/\/torrcaffe.it\/de\/wp-json\/wp\/v2\/media\/3395"}],"wp:attachment":[{"href":"https:\/\/torrcaffe.it\/de\/wp-json\/wp\/v2\/media?parent=4659"}],"wp:term":[{"taxonomy":"product_cat","embeddable":true,"href":"https:\/\/torrcaffe.it\/de\/wp-json\/wp\/v2\/product_cat?post=4659"},{"taxonomy":"product_tag","embeddable":true,"href":"https:\/\/torrcaffe.it\/de\/wp-json\/wp\/v2\/product_tag?post=4659"}],"curies":[{"name":"wp","href":"https:\/\/api.w.org\/{rel}","templated":true}]}}