{"id":4653,"date":"2024-10-02T13:10:43","date_gmt":"2024-10-02T13:10:43","guid":{"rendered":"https:\/\/torrcaffe.krescendo.it\/prodotto\/herr-pablo-sachets\/"},"modified":"2025-02-19T07:46:13","modified_gmt":"2025-02-19T07:46:13","slug":"herr-pablo-sachets","status":"publish","type":"product","link":"https:\/\/torrcaffe.it\/de\/prodotto\/herr-pablo-sachets\/","title":{"rendered":"Torrcaff\u00e8 &#8211; Zuckert\u00fctchen"},"content":{"rendered":"","protected":false},"excerpt":{"rendered":"<p>Extra-feiner wei\u00dfer und brauner Rohrzucker mit hoher L\u00f6slichkeit, verpackt in praktischen Einzeldosis-T\u00fctchen \u00e0 4 g.<br \/>\nJede T\u00fcte ist mit dem Torrcaff\u00e8-Logo personalisiert und garantiert Qualit\u00e4t und Komfort f\u00fcr jede Tasse Kaffee.<br \/>\nIdeal f\u00fcr Bars, Restaurants, Caf\u00e9s und Unternehmen im Ho.Re.Ca.-Bereich.<\/p>\n","protected":false},"featured_media":3364,"template":"","meta":[],"product_cat":[55,67],"product_tag":[],"class_list":{"0":"post-4653","1":"product","2":"type-product","3":"status-publish","4":"has-post-thumbnail","6":"product_cat-horeca-de","7":"product_cat-herrpablo","9":"first","10":"instock","11":"shipping-taxable","12":"product-type-simple"},"aioseo_notices":[],"_links":{"self":[{"href":"https:\/\/torrcaffe.it\/de\/wp-json\/wp\/v2\/product\/4653","targetHints":{"allow":["GET"]}}],"collection":[{"href":"https:\/\/torrcaffe.it\/de\/wp-json\/wp\/v2\/product"}],"about":[{"href":"https:\/\/torrcaffe.it\/de\/wp-json\/wp\/v2\/types\/product"}],"wp:featuredmedia":[{"embeddable":true,"href":"https:\/\/torrcaffe.it\/de\/wp-json\/wp\/v2\/media\/3364"}],"wp:attachment":[{"href":"https:\/\/torrcaffe.it\/de\/wp-json\/wp\/v2\/media?parent=4653"}],"wp:term":[{"taxonomy":"product_cat","embeddable":true,"href":"https:\/\/torrcaffe.it\/de\/wp-json\/wp\/v2\/product_cat?post=4653"},{"taxonomy":"product_tag","embeddable":true,"href":"https:\/\/torrcaffe.it\/de\/wp-json\/wp\/v2\/product_tag?post=4653"}],"curies":[{"name":"wp","href":"https:\/\/api.w.org\/{rel}","templated":true}]}}