{"id":4652,"date":"2024-10-02T13:06:52","date_gmt":"2024-10-02T13:06:52","guid":{"rendered":"https:\/\/torrcaffe.krescendo.it\/prodotto\/mr-pablo-serviettenhalter\/"},"modified":"2025-02-19T07:45:10","modified_gmt":"2025-02-19T07:45:10","slug":"mr-pablo-serviettenhalter","status":"publish","type":"product","link":"https:\/\/torrcaffe.it\/de\/prodotto\/mr-pablo-serviettenhalter\/","title":{"rendered":"Torrcaff\u00e8 &#8211; Serviettenhalter"},"content":{"rendered":"","protected":false},"excerpt":{"rendered":"<p>Serviettenhalter aus Metall mit Federmechanismus.<br \/>\nGeeignet f\u00fcr Barservietten mit den Ma\u00dfen 17&#215;17 cm. Kompakte Gr\u00f6\u00dfe von 10x9x13 cm, perfekt f\u00fcr Theken, Tische und Servicestationen. Basis mit rutschfesten F\u00fc\u00dfen.<br \/>\nTorrcaff\u00e8 Linie.<\/p>\n","protected":false},"featured_media":3360,"template":"","meta":[],"product_cat":[55,67],"product_tag":[],"class_list":{"0":"post-4652","1":"product","2":"type-product","3":"status-publish","4":"has-post-thumbnail","6":"product_cat-horeca-de","7":"product_cat-herrpablo","9":"first","10":"instock","11":"shipping-taxable","12":"product-type-simple"},"aioseo_notices":[],"_links":{"self":[{"href":"https:\/\/torrcaffe.it\/de\/wp-json\/wp\/v2\/product\/4652","targetHints":{"allow":["GET"]}}],"collection":[{"href":"https:\/\/torrcaffe.it\/de\/wp-json\/wp\/v2\/product"}],"about":[{"href":"https:\/\/torrcaffe.it\/de\/wp-json\/wp\/v2\/types\/product"}],"wp:featuredmedia":[{"embeddable":true,"href":"https:\/\/torrcaffe.it\/de\/wp-json\/wp\/v2\/media\/3360"}],"wp:attachment":[{"href":"https:\/\/torrcaffe.it\/de\/wp-json\/wp\/v2\/media?parent=4652"}],"wp:term":[{"taxonomy":"product_cat","embeddable":true,"href":"https:\/\/torrcaffe.it\/de\/wp-json\/wp\/v2\/product_cat?post=4652"},{"taxonomy":"product_tag","embeddable":true,"href":"https:\/\/torrcaffe.it\/de\/wp-json\/wp\/v2\/product_tag?post=4652"}],"curies":[{"name":"wp","href":"https:\/\/api.w.org\/{rel}","templated":true}]}}