{"id":4651,"date":"2024-10-02T12:55:53","date_gmt":"2024-10-02T12:55:53","guid":{"rendered":"https:\/\/torrcaffe.krescendo.it\/prodotto\/mr-pablo-cup\/"},"modified":"2025-02-19T08:01:03","modified_gmt":"2025-02-19T08:01:03","slug":"mr-pablo-cup","status":"publish","type":"product","link":"https:\/\/torrcaffe.it\/de\/prodotto\/mr-pablo-cup\/","title":{"rendered":"Mr. Pablo &#8211; Kaffeetasse"},"content":{"rendered":"","protected":false},"excerpt":{"rendered":"<p>Hergestellt aus hochwertiger Keramik und streng Made in Italy.<br \/>\nIdeal f\u00fcr Bars, Restaurants und Kaffeer\u00f6stereien. Das s-f\u00f6rmige Design mit dicken Kanten hilft, die ideale Temperatur des Kaffees l\u00e4nger zu halten und sein Aroma zu verst\u00e4rken.<br \/>\nPersonalisierbar mit dem Mr. Pablo-Logo.<\/p>\n","protected":false},"featured_media":3356,"template":"","meta":[],"product_cat":[55,67],"product_tag":[],"class_list":{"0":"post-4651","1":"product","2":"type-product","3":"status-publish","4":"has-post-thumbnail","6":"product_cat-horeca-de","7":"product_cat-herrpablo","9":"first","10":"instock","11":"shipping-taxable","12":"product-type-simple"},"aioseo_notices":[],"_links":{"self":[{"href":"https:\/\/torrcaffe.it\/de\/wp-json\/wp\/v2\/product\/4651","targetHints":{"allow":["GET"]}}],"collection":[{"href":"https:\/\/torrcaffe.it\/de\/wp-json\/wp\/v2\/product"}],"about":[{"href":"https:\/\/torrcaffe.it\/de\/wp-json\/wp\/v2\/types\/product"}],"wp:featuredmedia":[{"embeddable":true,"href":"https:\/\/torrcaffe.it\/de\/wp-json\/wp\/v2\/media\/3356"}],"wp:attachment":[{"href":"https:\/\/torrcaffe.it\/de\/wp-json\/wp\/v2\/media?parent=4651"}],"wp:term":[{"taxonomy":"product_cat","embeddable":true,"href":"https:\/\/torrcaffe.it\/de\/wp-json\/wp\/v2\/product_cat?post=4651"},{"taxonomy":"product_tag","embeddable":true,"href":"https:\/\/torrcaffe.it\/de\/wp-json\/wp\/v2\/product_tag?post=4651"}],"curies":[{"name":"wp","href":"https:\/\/api.w.org\/{rel}","templated":true}]}}