{"id":4382,"date":"2024-10-02T14:54:22","date_gmt":"2024-10-02T14:54:22","guid":{"rendered":"https:\/\/torrcaffe.krescendo.it\/prodotto\/pad-pablita\/"},"modified":"2025-02-18T11:58:11","modified_gmt":"2025-02-18T11:58:11","slug":"pad-pablita","status":"publish","type":"product","link":"https:\/\/torrcaffe.it\/de\/prodotto\/pad-pablita\/","title":{"rendered":"Pablita &#8211; Waffeln 44mm &#8211; 100 St\u00fcck"},"content":{"rendered":"","protected":false},"excerpt":{"rendered":"<p>Torrcaff\u00e8 Kompostierbare Einzeldosis-Kaffeepads mit 44 mm Durchmesser. Eine Mischung aus Arabica und Robusta macht diesen Kaffee einzigartig. M\u00f6glich wird dies durch die Erfahrung unserer R\u00f6stmeister, die es dank der R\u00f6sttechnik \u00fcber Holz schaffen, dem Kaffee ein unverwechselbares Aroma, einen unverwechselbaren Geschmack und einen unverwechselbaren K\u00f6rper zu verleihen.<br \/>\nPackung mit 100 kompostierbaren Waffeln mit 44 mm Durchmesser.<\/p>\n","protected":false},"featured_media":3478,"template":"","meta":[],"product_cat":[59,65],"product_tag":[],"class_list":{"0":"post-4382","1":"product","2":"type-product","3":"status-publish","4":"has-post-thumbnail","6":"product_cat-home-line-de","7":"product_cat-waffeln","9":"first","10":"instock","11":"shipping-taxable","12":"product-type-simple"},"aioseo_notices":[],"_links":{"self":[{"href":"https:\/\/torrcaffe.it\/de\/wp-json\/wp\/v2\/product\/4382","targetHints":{"allow":["GET"]}}],"collection":[{"href":"https:\/\/torrcaffe.it\/de\/wp-json\/wp\/v2\/product"}],"about":[{"href":"https:\/\/torrcaffe.it\/de\/wp-json\/wp\/v2\/types\/product"}],"wp:featuredmedia":[{"embeddable":true,"href":"https:\/\/torrcaffe.it\/de\/wp-json\/wp\/v2\/media\/3478"}],"wp:attachment":[{"href":"https:\/\/torrcaffe.it\/de\/wp-json\/wp\/v2\/media?parent=4382"}],"wp:term":[{"taxonomy":"product_cat","embeddable":true,"href":"https:\/\/torrcaffe.it\/de\/wp-json\/wp\/v2\/product_cat?post=4382"},{"taxonomy":"product_tag","embeddable":true,"href":"https:\/\/torrcaffe.it\/de\/wp-json\/wp\/v2\/product_tag?post=4382"}],"curies":[{"name":"wp","href":"https:\/\/api.w.org\/{rel}","templated":true}]}}