{"id":4381,"date":"2024-10-02T14:56:48","date_gmt":"2024-10-02T14:56:48","guid":{"rendered":"https:\/\/torrcaffe.krescendo.it\/prodotto\/pad-pablita-entkoffeiniert\/"},"modified":"2025-02-18T11:59:13","modified_gmt":"2025-02-18T11:59:13","slug":"pad-pablita-entkoffeiniert","status":"publish","type":"product","link":"https:\/\/torrcaffe.it\/de\/prodotto\/pad-pablita-entkoffeiniert\/","title":{"rendered":"Pablita &#8211; Entkoffeinierte H\u00fclsen 44mm &#8211; 18 St\u00fcck"},"content":{"rendered":"","protected":false},"excerpt":{"rendered":"<p>Einzelportionen Pablita entkoffeinierter Kaffee in 44mm kompostierbaren Waffeln.<br \/>\nDer volle Geschmack unseres Torrcaff\u00e8 Kaffees \u2013 aber entkoffeiniert. Sorgf\u00e4ltig mit Wasser gewaschen, ohne den Einsatz von Chemikalien, und anschlie\u00dfend schonend mit Holz ger\u00f6stet.<br \/>\nDer Koffeingehalt liegt unter 0,10 %. Dank unserer Produktionsprozesse und der verwendeten Mischungen werden Sie kaum bemerken, dass es sich um entkoffeinierten Kaffee handelt \u2013 aromatisch, cremig und perfekt f\u00fcr jede Tageszeit.<br \/>\nPackung mit 18 kompostierbaren 44mm Waffeln mit entkoffeiniertem Kaffee.<\/p>\n","protected":false},"featured_media":3485,"template":"","meta":[],"product_cat":[59,65],"product_tag":[],"class_list":{"0":"post-4381","1":"product","2":"type-product","3":"status-publish","4":"has-post-thumbnail","6":"product_cat-home-line-de","7":"product_cat-waffeln","9":"first","10":"instock","11":"shipping-taxable","12":"product-type-simple"},"aioseo_notices":[],"_links":{"self":[{"href":"https:\/\/torrcaffe.it\/de\/wp-json\/wp\/v2\/product\/4381","targetHints":{"allow":["GET"]}}],"collection":[{"href":"https:\/\/torrcaffe.it\/de\/wp-json\/wp\/v2\/product"}],"about":[{"href":"https:\/\/torrcaffe.it\/de\/wp-json\/wp\/v2\/types\/product"}],"wp:featuredmedia":[{"embeddable":true,"href":"https:\/\/torrcaffe.it\/de\/wp-json\/wp\/v2\/media\/3485"}],"wp:attachment":[{"href":"https:\/\/torrcaffe.it\/de\/wp-json\/wp\/v2\/media?parent=4381"}],"wp:term":[{"taxonomy":"product_cat","embeddable":true,"href":"https:\/\/torrcaffe.it\/de\/wp-json\/wp\/v2\/product_cat?post=4381"},{"taxonomy":"product_tag","embeddable":true,"href":"https:\/\/torrcaffe.it\/de\/wp-json\/wp\/v2\/product_tag?post=4381"}],"curies":[{"name":"wp","href":"https:\/\/api.w.org\/{rel}","templated":true}]}}