{"id":4380,"date":"2024-10-02T15:00:44","date_gmt":"2024-10-02T15:00:44","guid":{"rendered":"https:\/\/torrcaffe.krescendo.it\/prodotto\/dose-gemahlen-pablita\/"},"modified":"2025-02-18T11:05:41","modified_gmt":"2025-02-18T11:05:41","slug":"dose-gemahlen-pablita","status":"publish","type":"product","link":"https:\/\/torrcaffe.it\/de\/prodotto\/dose-gemahlen-pablita\/","title":{"rendered":"Pablita &#8211; Gemahlener Kaffee Dose"},"content":{"rendered":"","protected":false},"excerpt":{"rendered":"<p>Dose mit gemahlenem Kaffee 250g.<br \/>\nAus der Erfahrung von Torrcaff\u00e8 entstand eine Mischung aus den Sorten Arabica und Robusta. Diese Kombination und die Verwendung von R\u00f6stung \u00fcber Holz ergeben einen in Aroma und Geschmack einzigartigen Kaffee.<br \/>\nErh\u00e4ltlich in Dosen mit gemahlenem Kaffee zu 250 g, geeignet f\u00fcr Espresso und Mokka.<\/p>\n","protected":false},"featured_media":3492,"template":"","meta":[],"product_cat":[59,64],"product_tag":[],"class_list":{"0":"post-4380","1":"product","2":"type-product","3":"status-publish","4":"has-post-thumbnail","6":"product_cat-home-line-de","7":"product_cat-koerner-und-gemahlenes","9":"first","10":"instock","11":"shipping-taxable","12":"product-type-simple"},"aioseo_notices":[],"_links":{"self":[{"href":"https:\/\/torrcaffe.it\/de\/wp-json\/wp\/v2\/product\/4380","targetHints":{"allow":["GET"]}}],"collection":[{"href":"https:\/\/torrcaffe.it\/de\/wp-json\/wp\/v2\/product"}],"about":[{"href":"https:\/\/torrcaffe.it\/de\/wp-json\/wp\/v2\/types\/product"}],"wp:featuredmedia":[{"embeddable":true,"href":"https:\/\/torrcaffe.it\/de\/wp-json\/wp\/v2\/media\/3492"}],"wp:attachment":[{"href":"https:\/\/torrcaffe.it\/de\/wp-json\/wp\/v2\/media?parent=4380"}],"wp:term":[{"taxonomy":"product_cat","embeddable":true,"href":"https:\/\/torrcaffe.it\/de\/wp-json\/wp\/v2\/product_cat?post=4380"},{"taxonomy":"product_tag","embeddable":true,"href":"https:\/\/torrcaffe.it\/de\/wp-json\/wp\/v2\/product_tag?post=4380"}],"curies":[{"name":"wp","href":"https:\/\/api.w.org\/{rel}","templated":true}]}}