{"id":4379,"date":"2024-10-02T15:03:31","date_gmt":"2024-10-02T15:03:31","guid":{"rendered":"https:\/\/torrcaffe.krescendo.it\/prodotto\/dose-gemahlen-pablita-entkoffeiniert\/"},"modified":"2025-02-18T11:01:29","modified_gmt":"2025-02-18T11:01:29","slug":"dose-gemahlen-pablita-entkoffeiniert","status":"publish","type":"product","link":"https:\/\/torrcaffe.it\/de\/prodotto\/dose-gemahlen-pablita-entkoffeiniert\/","title":{"rendered":"Pablita &#8211; Gemahlener Kaffee Dose 250gr &#8211; Deca"},"content":{"rendered":"","protected":false},"excerpt":{"rendered":"<p>Dose mit gemahlenem Kaffee 250 g.<br \/>\nDer volle Geschmack unseres Torrcaff\u00e8 Kaffees in einer Mischung aus entkoffeiniertem gemahlenen Kaffee. Geeignet f\u00fcr Espresso oder Moka, ist dieser entkoffeinierte Kaffee perfekt f\u00fcr jede Tageszeit.<br \/>\nSorgf\u00e4ltig mit Wasser gewaschen, ohne den Einsatz von Chemikalien, und anschlie\u00dfend schonend mit Holz ger\u00f6stet.<br \/>\nDer Koffeingehalt liegt unter 0,10 %, aber der entkoffeinierte Espresso, den Sie genie\u00dfen, wird den kr\u00e4ftigen Geschmack und das unverwechselbare Aroma all unserer Produkte haben.<\/p>\n","protected":false},"featured_media":3502,"template":"","meta":[],"product_cat":[59,64],"product_tag":[],"class_list":{"0":"post-4379","1":"product","2":"type-product","3":"status-publish","4":"has-post-thumbnail","6":"product_cat-home-line-de","7":"product_cat-koerner-und-gemahlenes","9":"first","10":"instock","11":"shipping-taxable","12":"product-type-simple"},"aioseo_notices":[],"_links":{"self":[{"href":"https:\/\/torrcaffe.it\/de\/wp-json\/wp\/v2\/product\/4379","targetHints":{"allow":["GET"]}}],"collection":[{"href":"https:\/\/torrcaffe.it\/de\/wp-json\/wp\/v2\/product"}],"about":[{"href":"https:\/\/torrcaffe.it\/de\/wp-json\/wp\/v2\/types\/product"}],"wp:featuredmedia":[{"embeddable":true,"href":"https:\/\/torrcaffe.it\/de\/wp-json\/wp\/v2\/media\/3502"}],"wp:attachment":[{"href":"https:\/\/torrcaffe.it\/de\/wp-json\/wp\/v2\/media?parent=4379"}],"wp:term":[{"taxonomy":"product_cat","embeddable":true,"href":"https:\/\/torrcaffe.it\/de\/wp-json\/wp\/v2\/product_cat?post=4379"},{"taxonomy":"product_tag","embeddable":true,"href":"https:\/\/torrcaffe.it\/de\/wp-json\/wp\/v2\/product_tag?post=4379"}],"curies":[{"name":"wp","href":"https:\/\/api.w.org\/{rel}","templated":true}]}}