{"id":4321,"date":"2024-10-02T14:12:32","date_gmt":"2024-10-02T14:12:32","guid":{"rendered":"https:\/\/torrcaffe.krescendo.it\/prodotto\/kapseln-kompatibel-mit-nespresso-gold-intenso\/"},"modified":"2025-02-18T13:08:41","modified_gmt":"2025-02-18T13:08:41","slug":"kapseln-kompatibel-mit-nespresso-gold-intenso","status":"publish","type":"product","link":"https:\/\/torrcaffe.it\/de\/prodotto\/kapseln-kompatibel-mit-nespresso-gold-intenso\/","title":{"rendered":"Torrcaff\u00e8 &#8211; Nespresso Gold-Kapseln"},"content":{"rendered":"","protected":false},"excerpt":{"rendered":"<p>Eine Auswahl an Kaffeemischungen, die Sie nicht mehr an den Espresso denken lassen, den man an der Bar trinkt.<br \/>\nDer kr\u00e4ftige Geschmack, das cremige Aroma, die s\u00fc\u00dfen Nuancen und die ausgepr\u00e4gte Pr\u00e4senz von Koffein sind die Merkmale dieses Kaffees in Kapseln von Torrcaff\u00e8 in Kapseln, ein Produkt, das Sie unbedingt probieren sollten.<br \/>\nPackung mit 10 Nespresso-kompatiblen Aluminiumkapseln.<\/p>\n","protected":false},"featured_media":3428,"template":"","meta":[],"product_cat":[59,60],"product_tag":[],"class_list":{"0":"post-4321","1":"product","2":"type-product","3":"status-publish","4":"has-post-thumbnail","6":"product_cat-home-line-de","7":"product_cat-kapseln","9":"first","10":"instock","11":"shipping-taxable","12":"product-type-simple"},"aioseo_notices":[],"_links":{"self":[{"href":"https:\/\/torrcaffe.it\/de\/wp-json\/wp\/v2\/product\/4321","targetHints":{"allow":["GET"]}}],"collection":[{"href":"https:\/\/torrcaffe.it\/de\/wp-json\/wp\/v2\/product"}],"about":[{"href":"https:\/\/torrcaffe.it\/de\/wp-json\/wp\/v2\/types\/product"}],"wp:featuredmedia":[{"embeddable":true,"href":"https:\/\/torrcaffe.it\/de\/wp-json\/wp\/v2\/media\/3428"}],"wp:attachment":[{"href":"https:\/\/torrcaffe.it\/de\/wp-json\/wp\/v2\/media?parent=4321"}],"wp:term":[{"taxonomy":"product_cat","embeddable":true,"href":"https:\/\/torrcaffe.it\/de\/wp-json\/wp\/v2\/product_cat?post=4321"},{"taxonomy":"product_tag","embeddable":true,"href":"https:\/\/torrcaffe.it\/de\/wp-json\/wp\/v2\/product_tag?post=4321"}],"curies":[{"name":"wp","href":"https:\/\/api.w.org\/{rel}","templated":true}]}}