{"id":4320,"date":"2024-10-02T14:13:45","date_gmt":"2024-10-02T14:13:45","guid":{"rendered":"https:\/\/torrcaffe.krescendo.it\/prodotto\/kapseln-kompatibel-mit-nespresso-all-black\/"},"modified":"2025-02-18T13:04:55","modified_gmt":"2025-02-18T13:04:55","slug":"kapseln-kompatibel-mit-nespresso-all-black","status":"publish","type":"product","link":"https:\/\/torrcaffe.it\/de\/prodotto\/kapseln-kompatibel-mit-nespresso-all-black\/","title":{"rendered":"Torrcaff\u00e8 &#8211; Nespresso All Black Kapseln"},"content":{"rendered":"","protected":false},"excerpt":{"rendered":"<p>Dieser Kaffee von Torrcaff\u00e8 besteht zu 100% aus Arabica-Qualit\u00e4t und hinterl\u00e4sst in jeder Tasse seinen Eindruck.<br \/>\nSein kr\u00e4ftiger, entschiedener Geschmack, der hohe Koffeingehalt und seine Cremigkeit machen ihn zu einem unverzichtbaren Produkt.<br \/>\nPackung mit 10 Nespresso-kompatiblen Aluminiumkapseln.<\/p>\n","protected":false},"featured_media":3441,"template":"","meta":[],"product_cat":[59,60],"product_tag":[],"class_list":{"0":"post-4320","1":"product","2":"type-product","3":"status-publish","4":"has-post-thumbnail","6":"product_cat-home-line-de","7":"product_cat-kapseln","9":"first","10":"instock","11":"shipping-taxable","12":"product-type-simple"},"aioseo_notices":[],"_links":{"self":[{"href":"https:\/\/torrcaffe.it\/de\/wp-json\/wp\/v2\/product\/4320","targetHints":{"allow":["GET"]}}],"collection":[{"href":"https:\/\/torrcaffe.it\/de\/wp-json\/wp\/v2\/product"}],"about":[{"href":"https:\/\/torrcaffe.it\/de\/wp-json\/wp\/v2\/types\/product"}],"wp:featuredmedia":[{"embeddable":true,"href":"https:\/\/torrcaffe.it\/de\/wp-json\/wp\/v2\/media\/3441"}],"wp:attachment":[{"href":"https:\/\/torrcaffe.it\/de\/wp-json\/wp\/v2\/media?parent=4320"}],"wp:term":[{"taxonomy":"product_cat","embeddable":true,"href":"https:\/\/torrcaffe.it\/de\/wp-json\/wp\/v2\/product_cat?post=4320"},{"taxonomy":"product_tag","embeddable":true,"href":"https:\/\/torrcaffe.it\/de\/wp-json\/wp\/v2\/product_tag?post=4320"}],"curies":[{"name":"wp","href":"https:\/\/api.w.org\/{rel}","templated":true}]}}