{"id":4318,"date":"2024-10-02T14:42:32","date_gmt":"2024-10-02T14:42:32","guid":{"rendered":"https:\/\/torrcaffe.krescendo.it\/prodotto\/kapseln-kompatibel-mit-a-modo-mio\/"},"modified":"2025-02-18T12:58:16","modified_gmt":"2025-02-18T12:58:16","slug":"kapseln-kompatibel-mit-a-modo-mio","status":"publish","type":"product","link":"https:\/\/torrcaffe.it\/de\/prodotto\/kapseln-kompatibel-mit-a-modo-mio\/","title":{"rendered":"Torrcaff\u00e8 &#8211; Lavazza A modo mio kompatible Kapseln"},"content":{"rendered":"","protected":false},"excerpt":{"rendered":"<p>Eine Mischung aus Arabica und Robusta macht diesen Kaffee von Torrcaff\u00e8 einzigartig.<br \/>\nM\u00f6glich wird dies durch die Erfahrung unserer R\u00f6stmeister, die es dank der R\u00f6sttechnik \u00fcber Holz schaffen, dem Kaffee ein unverwechselbares Aroma, einen unverwechselbaren Geschmack und einen unverwechselbaren K\u00f6rper zu verleihen.<br \/>\nPackung mit 100 Kapseln kompatibel mit Lavazza A Modo Mio.<\/p>\n","protected":false},"featured_media":3449,"template":"","meta":[],"product_cat":[59,60],"product_tag":[],"class_list":{"0":"post-4318","1":"product","2":"type-product","3":"status-publish","4":"has-post-thumbnail","6":"product_cat-home-line-de","7":"product_cat-kapseln","9":"first","10":"instock","11":"shipping-taxable","12":"product-type-simple"},"aioseo_notices":[],"_links":{"self":[{"href":"https:\/\/torrcaffe.it\/de\/wp-json\/wp\/v2\/product\/4318","targetHints":{"allow":["GET"]}}],"collection":[{"href":"https:\/\/torrcaffe.it\/de\/wp-json\/wp\/v2\/product"}],"about":[{"href":"https:\/\/torrcaffe.it\/de\/wp-json\/wp\/v2\/types\/product"}],"wp:featuredmedia":[{"embeddable":true,"href":"https:\/\/torrcaffe.it\/de\/wp-json\/wp\/v2\/media\/3449"}],"wp:attachment":[{"href":"https:\/\/torrcaffe.it\/de\/wp-json\/wp\/v2\/media?parent=4318"}],"wp:term":[{"taxonomy":"product_cat","embeddable":true,"href":"https:\/\/torrcaffe.it\/de\/wp-json\/wp\/v2\/product_cat?post=4318"},{"taxonomy":"product_tag","embeddable":true,"href":"https:\/\/torrcaffe.it\/de\/wp-json\/wp\/v2\/product_tag?post=4318"}],"curies":[{"name":"wp","href":"https:\/\/api.w.org\/{rel}","templated":true}]}}