{"id":4317,"date":"2024-10-02T14:44:06","date_gmt":"2024-10-02T14:44:06","guid":{"rendered":"https:\/\/torrcaffe.krescendo.it\/prodotto\/kapseln-kompatibel-mit-a-modo-mio-dek\/"},"modified":"2025-02-18T12:53:47","modified_gmt":"2025-02-18T12:53:47","slug":"kapseln-kompatibel-mit-a-modo-mio-dek","status":"publish","type":"product","link":"https:\/\/torrcaffe.it\/de\/prodotto\/kapseln-kompatibel-mit-a-modo-mio-dek\/","title":{"rendered":"Torrcaff\u00e8 &#8211; Lavazza A modo mio kompatibel Kapseln &#8211; Deca"},"content":{"rendered":"","protected":false},"excerpt":{"rendered":"<p>Der volle Geschmack unseres Torrcaff\u00e8 Kaffees \u2013 aber entkoffeiniert.<br \/>\nSorgf\u00e4ltig mit Wasser gewaschen, ohne den Einsatz von Chemikalien, und anschlie\u00dfend schonend mit Holz ger\u00f6stet.<br \/>\nDer Koffeingehalt liegt unter 0,10 %. Dank unserer speziellen Produktionsprozesse und ausgew\u00e4hlten Mischungen werden Sie kaum bemerken, dass es sich um entkoffeinierten Kaffee handelt \u2013 aromatisch, cremig und perfekt f\u00fcr den ganzen Tag.<br \/>\nPackung mit 100 Kapseln, kompatibel mit Lavazza A Modo Mio.<\/p>\n","protected":false},"featured_media":3453,"template":"","meta":[],"product_cat":[59,60],"product_tag":[],"class_list":{"0":"post-4317","1":"product","2":"type-product","3":"status-publish","4":"has-post-thumbnail","6":"product_cat-home-line-de","7":"product_cat-kapseln","9":"first","10":"instock","11":"shipping-taxable","12":"product-type-simple"},"aioseo_notices":[],"_links":{"self":[{"href":"https:\/\/torrcaffe.it\/de\/wp-json\/wp\/v2\/product\/4317","targetHints":{"allow":["GET"]}}],"collection":[{"href":"https:\/\/torrcaffe.it\/de\/wp-json\/wp\/v2\/product"}],"about":[{"href":"https:\/\/torrcaffe.it\/de\/wp-json\/wp\/v2\/types\/product"}],"wp:featuredmedia":[{"embeddable":true,"href":"https:\/\/torrcaffe.it\/de\/wp-json\/wp\/v2\/media\/3453"}],"wp:attachment":[{"href":"https:\/\/torrcaffe.it\/de\/wp-json\/wp\/v2\/media?parent=4317"}],"wp:term":[{"taxonomy":"product_cat","embeddable":true,"href":"https:\/\/torrcaffe.it\/de\/wp-json\/wp\/v2\/product_cat?post=4317"},{"taxonomy":"product_tag","embeddable":true,"href":"https:\/\/torrcaffe.it\/de\/wp-json\/wp\/v2\/product_tag?post=4317"}],"curies":[{"name":"wp","href":"https:\/\/api.w.org\/{rel}","templated":true}]}}