{"id":4316,"date":"2024-10-02T14:47:43","date_gmt":"2024-10-02T14:47:43","guid":{"rendered":"https:\/\/torrcaffe.krescendo.it\/prodotto\/kapseln-kompatibel-mit-a-modo-mio-bio\/"},"modified":"2025-02-18T12:47:08","modified_gmt":"2025-02-18T12:47:08","slug":"kapseln-kompatibel-mit-a-modo-mio-bio","status":"publish","type":"product","link":"https:\/\/torrcaffe.it\/de\/prodotto\/kapseln-kompatibel-mit-a-modo-mio-bio\/","title":{"rendered":"Torrcaff\u00e8 &#8211; Bio-Kapseln Lavazza Espresso Point"},"content":{"rendered":"","protected":false},"excerpt":{"rendered":"<p>\u00dcber Holz ger\u00f6stete Bio-Kaffeemischung von Torrcaff\u00e8 in mit Lavazza Espresso Point kompatiblen Kapseln.<br \/>\nDies ist die Perle unserer Mischungen, einzigartig auf der Welt, mit einem klaren Geschmack, der sich f\u00fcr jeden Moment des Tages eignet.<br \/>\nDer Hauptdarsteller ist ein Kaffee, der ohne den Einsatz von Pestiziden oder chemischen D\u00fcngemitteln angebaut wird und die Natur und alle, die an seinem Anbau beteiligt sind, respektiert; ein nachhaltiger und umweltfreundlicher Kaffee.<br \/>\nPackung mit 100 Kaffee-Kapseln kompatibel mit Lavazza Espresso Point.<\/p>\n","protected":false},"featured_media":3457,"template":"","meta":[],"product_cat":[59,60],"product_tag":[],"class_list":{"0":"post-4316","1":"product","2":"type-product","3":"status-publish","4":"has-post-thumbnail","6":"product_cat-home-line-de","7":"product_cat-kapseln","9":"first","10":"instock","11":"shipping-taxable","12":"product-type-simple"},"aioseo_notices":[],"_links":{"self":[{"href":"https:\/\/torrcaffe.it\/de\/wp-json\/wp\/v2\/product\/4316","targetHints":{"allow":["GET"]}}],"collection":[{"href":"https:\/\/torrcaffe.it\/de\/wp-json\/wp\/v2\/product"}],"about":[{"href":"https:\/\/torrcaffe.it\/de\/wp-json\/wp\/v2\/types\/product"}],"wp:featuredmedia":[{"embeddable":true,"href":"https:\/\/torrcaffe.it\/de\/wp-json\/wp\/v2\/media\/3457"}],"wp:attachment":[{"href":"https:\/\/torrcaffe.it\/de\/wp-json\/wp\/v2\/media?parent=4316"}],"wp:term":[{"taxonomy":"product_cat","embeddable":true,"href":"https:\/\/torrcaffe.it\/de\/wp-json\/wp\/v2\/product_cat?post=4316"},{"taxonomy":"product_tag","embeddable":true,"href":"https:\/\/torrcaffe.it\/de\/wp-json\/wp\/v2\/product_tag?post=4316"}],"curies":[{"name":"wp","href":"https:\/\/api.w.org\/{rel}","templated":true}]}}