{"id":4314,"date":"2024-10-03T07:25:09","date_gmt":"2024-10-03T07:25:09","guid":{"rendered":"https:\/\/torrcaffe.krescendo.it\/prodotto\/espressotasse-linie-bio\/"},"modified":"2025-02-19T07:48:04","modified_gmt":"2025-02-19T07:48:04","slug":"espressotasse-linie-bio","status":"publish","type":"product","link":"https:\/\/torrcaffe.it\/de\/prodotto\/espressotasse-linie-bio\/","title":{"rendered":"BIO Linie Kaffeetasse"},"content":{"rendered":"","protected":false},"excerpt":{"rendered":"<p>Hergestellt aus hochwertiger Keramik und streng Made in Italy.<br \/>\nIdeal f\u00fcr Bars, Restaurants und Kaffeer\u00f6stereien. Das konische Design mit dicken R\u00e4ndern hilft, die ideale Temperatur des Kaffees l\u00e4nger zu halten und dessen Aroma zu intensivieren.<br \/>\nDie elegante und einzigartige Form der BIO Linie symbolisiert Nachhaltigkeit und eine Liebe zur Umwelt.<\/p>\n","protected":false},"featured_media":3656,"template":"","meta":[],"product_cat":[57],"product_tag":[],"class_list":{"0":"post-4314","1":"product","2":"type-product","3":"status-publish","4":"has-post-thumbnail","6":"product_cat-organic-line-de","8":"first","9":"instock","10":"shipping-taxable","11":"product-type-simple"},"aioseo_notices":[],"_links":{"self":[{"href":"https:\/\/torrcaffe.it\/de\/wp-json\/wp\/v2\/product\/4314","targetHints":{"allow":["GET"]}}],"collection":[{"href":"https:\/\/torrcaffe.it\/de\/wp-json\/wp\/v2\/product"}],"about":[{"href":"https:\/\/torrcaffe.it\/de\/wp-json\/wp\/v2\/types\/product"}],"wp:featuredmedia":[{"embeddable":true,"href":"https:\/\/torrcaffe.it\/de\/wp-json\/wp\/v2\/media\/3656"}],"wp:attachment":[{"href":"https:\/\/torrcaffe.it\/de\/wp-json\/wp\/v2\/media?parent=4314"}],"wp:term":[{"taxonomy":"product_cat","embeddable":true,"href":"https:\/\/torrcaffe.it\/de\/wp-json\/wp\/v2\/product_cat?post=4314"},{"taxonomy":"product_tag","embeddable":true,"href":"https:\/\/torrcaffe.it\/de\/wp-json\/wp\/v2\/product_tag?post=4314"}],"curies":[{"name":"wp","href":"https:\/\/api.w.org\/{rel}","templated":true}]}}