{"id":4313,"date":"2024-10-03T07:22:29","date_gmt":"2024-10-03T07:22:29","guid":{"rendered":"https:\/\/torrcaffe.krescendo.it\/prodotto\/zucker-portionsbeutel-linie-bio\/"},"modified":"2025-02-19T07:49:44","modified_gmt":"2025-02-19T07:49:44","slug":"zucker-portionsbeutel-linie-bio","status":"publish","type":"product","link":"https:\/\/torrcaffe.it\/de\/prodotto\/zucker-portionsbeutel-linie-bio\/","title":{"rendered":"BIO Linie Zuckerp\u00e4ckchen"},"content":{"rendered":"","protected":false},"excerpt":{"rendered":"<p>Extra-feines wei\u00dfes Rohrzucker mit hoher L\u00f6slichkeit, verpackt in praktischen 4 g Einzeldosenp\u00e4ckchen.<br \/>\nJedes P\u00e4ckchen ist mit dem gr\u00fcnen Design der BIO Linie versehen, um Qualit\u00e4t und Bequemlichkeit f\u00fcr jede Tasse Kaffee zu gew\u00e4hrleisten.<br \/>\nIdeal f\u00fcr Bars, Restaurants, Caf\u00e9s und Unternehmen im Ho.Re.Ca.-Sektor.<\/p>\n","protected":false},"featured_media":3652,"template":"","meta":[],"product_cat":[57],"product_tag":[],"class_list":{"0":"post-4313","1":"product","2":"type-product","3":"status-publish","4":"has-post-thumbnail","6":"product_cat-organic-line-de","8":"first","9":"instock","10":"shipping-taxable","11":"product-type-simple"},"aioseo_notices":[],"_links":{"self":[{"href":"https:\/\/torrcaffe.it\/de\/wp-json\/wp\/v2\/product\/4313","targetHints":{"allow":["GET"]}}],"collection":[{"href":"https:\/\/torrcaffe.it\/de\/wp-json\/wp\/v2\/product"}],"about":[{"href":"https:\/\/torrcaffe.it\/de\/wp-json\/wp\/v2\/types\/product"}],"wp:featuredmedia":[{"embeddable":true,"href":"https:\/\/torrcaffe.it\/de\/wp-json\/wp\/v2\/media\/3652"}],"wp:attachment":[{"href":"https:\/\/torrcaffe.it\/de\/wp-json\/wp\/v2\/media?parent=4313"}],"wp:term":[{"taxonomy":"product_cat","embeddable":true,"href":"https:\/\/torrcaffe.it\/de\/wp-json\/wp\/v2\/product_cat?post=4313"},{"taxonomy":"product_tag","embeddable":true,"href":"https:\/\/torrcaffe.it\/de\/wp-json\/wp\/v2\/product_tag?post=4313"}],"curies":[{"name":"wp","href":"https:\/\/api.w.org\/{rel}","templated":true}]}}