{"id":4312,"date":"2024-10-03T07:19:52","date_gmt":"2024-10-03T07:19:52","guid":{"rendered":"https:\/\/torrcaffe.krescendo.it\/prodotto\/servietten-box-linie-bio\/"},"modified":"2025-02-19T07:48:19","modified_gmt":"2025-02-19T07:48:19","slug":"servietten-box-linie-bio","status":"publish","type":"product","link":"https:\/\/torrcaffe.it\/de\/prodotto\/servietten-box-linie-bio\/","title":{"rendered":"BIO Linie Serviettenhalter"},"content":{"rendered":"","protected":false},"excerpt":{"rendered":"<p>Serviettenhalter aus Metall mit Federmechanismus.<br \/>\nGeeignet f\u00fcr Barservietten mit den Ma\u00dfen 17&#215;17 cm. Kompakte Gr\u00f6\u00dfe von 6,5x10x12,5 cm, perfekt f\u00fcr Theken, Tische und Servicestationen.<br \/>\nBasis mit rutschfesten F\u00fc\u00dfen.<br \/>\nDas BIO-Design ist eine einzigartige Mischung aus Eleganz und nat\u00fcrlicher Inspiration, die jede Kaffeepause nachhaltiger macht. <\/p>\n","protected":false},"featured_media":3648,"template":"","meta":[],"product_cat":[57],"product_tag":[],"class_list":{"0":"post-4312","1":"product","2":"type-product","3":"status-publish","4":"has-post-thumbnail","6":"product_cat-organic-line-de","8":"first","9":"instock","10":"shipping-taxable","11":"product-type-simple"},"aioseo_notices":[],"_links":{"self":[{"href":"https:\/\/torrcaffe.it\/de\/wp-json\/wp\/v2\/product\/4312","targetHints":{"allow":["GET"]}}],"collection":[{"href":"https:\/\/torrcaffe.it\/de\/wp-json\/wp\/v2\/product"}],"about":[{"href":"https:\/\/torrcaffe.it\/de\/wp-json\/wp\/v2\/types\/product"}],"wp:featuredmedia":[{"embeddable":true,"href":"https:\/\/torrcaffe.it\/de\/wp-json\/wp\/v2\/media\/3648"}],"wp:attachment":[{"href":"https:\/\/torrcaffe.it\/de\/wp-json\/wp\/v2\/media?parent=4312"}],"wp:term":[{"taxonomy":"product_cat","embeddable":true,"href":"https:\/\/torrcaffe.it\/de\/wp-json\/wp\/v2\/product_cat?post=4312"},{"taxonomy":"product_tag","embeddable":true,"href":"https:\/\/torrcaffe.it\/de\/wp-json\/wp\/v2\/product_tag?post=4312"}],"curies":[{"name":"wp","href":"https:\/\/api.w.org\/{rel}","templated":true}]}}