{"id":4311,"date":"2024-10-03T07:18:58","date_gmt":"2024-10-03T07:18:58","guid":{"rendered":"https:\/\/torrcaffe.krescendo.it\/prodotto\/tasse-linie-bio\/"},"modified":"2025-02-19T07:48:31","modified_gmt":"2025-02-19T07:48:31","slug":"tasse-linie-bio","status":"publish","type":"product","link":"https:\/\/torrcaffe.it\/de\/prodotto\/tasse-linie-bio\/","title":{"rendered":"BIO Linie Cappuccinotasse"},"content":{"rendered":"","protected":false},"excerpt":{"rendered":"<p>Hergestellt aus hochwertiger Keramik und streng Made in Italy.<br \/>\nEin guter Cappuccino erfordert immer die richtige Tasse.<br \/>\nSie muss dick und aus Keramik sein \u2013 ob wei\u00df, farbig oder dekoriert, spielt kaum eine Rolle. Jede Tasse ist so konzipiert, dass sie die perfekte Menge Getr\u00e4nk fasst, etwa 150 ml, und diese so lange wie m\u00f6glich warm h\u00e4lt.<br \/>\nDie elegante und einzigartige Form der BIO Linie symbolisiert Nachhaltigkeit und Liebe zur Umwelt.<\/p>\n","protected":false},"featured_media":3644,"template":"","meta":[],"product_cat":[57],"product_tag":[],"class_list":{"0":"post-4311","1":"product","2":"type-product","3":"status-publish","4":"has-post-thumbnail","6":"product_cat-organic-line-de","8":"first","9":"instock","10":"shipping-taxable","11":"product-type-simple"},"aioseo_notices":[],"_links":{"self":[{"href":"https:\/\/torrcaffe.it\/de\/wp-json\/wp\/v2\/product\/4311","targetHints":{"allow":["GET"]}}],"collection":[{"href":"https:\/\/torrcaffe.it\/de\/wp-json\/wp\/v2\/product"}],"about":[{"href":"https:\/\/torrcaffe.it\/de\/wp-json\/wp\/v2\/types\/product"}],"wp:featuredmedia":[{"embeddable":true,"href":"https:\/\/torrcaffe.it\/de\/wp-json\/wp\/v2\/media\/3644"}],"wp:attachment":[{"href":"https:\/\/torrcaffe.it\/de\/wp-json\/wp\/v2\/media?parent=4311"}],"wp:term":[{"taxonomy":"product_cat","embeddable":true,"href":"https:\/\/torrcaffe.it\/de\/wp-json\/wp\/v2\/product_cat?post=4311"},{"taxonomy":"product_tag","embeddable":true,"href":"https:\/\/torrcaffe.it\/de\/wp-json\/wp\/v2\/product_tag?post=4311"}],"curies":[{"name":"wp","href":"https:\/\/api.w.org\/{rel}","templated":true}]}}