{"id":4310,"date":"2024-10-02T15:51:49","date_gmt":"2024-10-02T15:51:49","guid":{"rendered":"https:\/\/torrcaffe.krescendo.it\/prodotto\/bohnen-1-kg-bio\/"},"modified":"2025-02-19T07:48:57","modified_gmt":"2025-02-19T07:48:57","slug":"bohnen-1-kg-bio","status":"publish","type":"product","link":"https:\/\/torrcaffe.it\/de\/prodotto\/bohnen-1-kg-bio\/","title":{"rendered":"BIO Linie Kaffeebohnen"},"content":{"rendered":"","protected":false},"excerpt":{"rendered":"<p>Eine Mischung aus biologisch angebautem, holzger\u00f6stetem Kaffee, der aus den besten Plantagen stammt. Dies ist das Juwel der Torrcaff\u00e8-Mischungen, einzigartig auf der Welt, mit einem sauberen Geschmack, der perfekt f\u00fcr jede Tageszeit ist.<br \/>Der Star dieser Mischung ist Kaffee, der ohne den Einsatz von Pestiziden oder chemischen D\u00fcngemitteln angebaut wurde, im Einklang mit der Natur und den Bauern.<br \/>Ein nachhaltiger, umweltfreundlicher Kaffee. Erh\u00e4ltlich in 1-kg-Packungen mit einem vollst\u00e4ndig recycelbaren Rohr.<\/p>\n","protected":false},"featured_media":3637,"template":"","meta":[],"product_cat":[57],"product_tag":[],"class_list":{"0":"post-4310","1":"product","2":"type-product","3":"status-publish","4":"has-post-thumbnail","6":"product_cat-organic-line-de","8":"first","9":"instock","10":"shipping-taxable","11":"product-type-simple"},"aioseo_notices":[],"_links":{"self":[{"href":"https:\/\/torrcaffe.it\/de\/wp-json\/wp\/v2\/product\/4310","targetHints":{"allow":["GET"]}}],"collection":[{"href":"https:\/\/torrcaffe.it\/de\/wp-json\/wp\/v2\/product"}],"about":[{"href":"https:\/\/torrcaffe.it\/de\/wp-json\/wp\/v2\/types\/product"}],"wp:featuredmedia":[{"embeddable":true,"href":"https:\/\/torrcaffe.it\/de\/wp-json\/wp\/v2\/media\/3637"}],"wp:attachment":[{"href":"https:\/\/torrcaffe.it\/de\/wp-json\/wp\/v2\/media?parent=4310"}],"wp:term":[{"taxonomy":"product_cat","embeddable":true,"href":"https:\/\/torrcaffe.it\/de\/wp-json\/wp\/v2\/product_cat?post=4310"},{"taxonomy":"product_tag","embeddable":true,"href":"https:\/\/torrcaffe.it\/de\/wp-json\/wp\/v2\/product_tag?post=4310"}],"curies":[{"name":"wp","href":"https:\/\/api.w.org\/{rel}","templated":true}]}}