{"id":5800,"date":"2025-05-22T08:14:08","date_gmt":"2025-05-22T08:14:08","guid":{"rendered":"https:\/\/torrcaffe.it\/?page_id=5800"},"modified":"2025-05-22T10:21:04","modified_gmt":"2025-05-22T10:21:04","slug":"fuehrungen","status":"publish","type":"page","link":"https:\/\/torrcaffe.it\/de\/contatti\/fuehrungen\/","title":{"rendered":"F\u00fchrungen"},"content":{"rendered":"\t\t<div data-elementor-type=\"wp-page\" data-elementor-id=\"5800\" class=\"elementor elementor-5800 elementor-5765\">\n\t\t\t\t<div class=\"elementor-element elementor-element-b12e2ad e-con-full e-flex e-con e-parent\" data-id=\"b12e2ad\" data-element_type=\"container\" data-settings=\"{&quot;background_background&quot;:&quot;classic&quot;}\">\n\t\t<div class=\"elementor-element elementor-element-df0d7ac e-con-full e-flex e-con e-child\" data-id=\"df0d7ac\" data-element_type=\"container\">\n\t\t<div data-parallax=\"true\" data-parallax-options=\"{&quot;ease&quot;:&quot;linear&quot;,&quot;start&quot;:&quot;top bottom&quot;,&quot;end&quot;:&quot;bottom+=100px top&quot;}\" data-parallax-from=\"{&quot;transformPerspective&quot;:&quot;100px&quot;,&quot;y&quot;:&quot;100px&quot;}\" data-parallax-to=\"{&quot;y&quot;:&quot;-100px&quot;}\" class=\"elementor-element elementor-element-f9e7d52 e-con-full e-flex e-con e-child\" data-id=\"f9e7d52\" data-element_type=\"container\">\n\t\t\t\t<div data-custom-animations=\"true\" data-ca-options=\"{&quot;addChildTimelines&quot;:false,&quot;animationTarget&quot;:&quot;.lqd-split-chars .lqd-chars .split-inner, .lqd-adv-txt-fig&quot;,&quot;duration&quot;:500,&quot;delay&quot;:50,&quot;ease&quot;:[&quot;power4.out&quot;],&quot;initValues&quot;:{&quot;x&quot;:&quot;-20px&quot;,&quot;rotationX&quot;:10,&quot;opacity&quot;:0},&quot;animations&quot;:{&quot;x&quot;:&quot;0px&quot;,&quot;rotationX&quot;:0,&quot;opacity&quot;:1}}\" class=\"elementor-element elementor-element-b8ae0b3 elementor-widget elementor-widget-hub_fancy_heading lqd-el-has-inner-anim\" data-id=\"b8ae0b3\" data-element_type=\"widget\" data-settings=\"{&quot;enable_split&quot;:&quot;true&quot;,&quot;split_type&quot;:&quot;chars, words&quot;}\" data-widget_type=\"hub_fancy_heading.default\">\n\t\t\t\t<div class=\"elementor-widget-container\">\n\t\t\t\t\t\n\t\t<div id=\"ld-fancy-heading-69e73f14e20f4\" class=\"ld-fancy-heading pos-rel\">\n\t\t\t\t\t<\/div>\n\n\t\t\t\t\t\t<\/div>\n\t\t\t\t<\/div>\n\t\t\t\t<div data-custom-animations=\"true\" data-ca-options=\"{&quot;addChildTimelines&quot;:false,&quot;animationTarget&quot;:&quot;.lqd-split-words .lqd-words .split-inner, .lqd-adv-txt-fig&quot;,&quot;ease&quot;:[&quot;power4.out&quot;],&quot;initValues&quot;:{&quot;x&quot;:&quot;20px&quot;,&quot;rotationY&quot;:10,&quot;opacity&quot;:0},&quot;animations&quot;:{&quot;x&quot;:&quot;0px&quot;,&quot;rotationY&quot;:0,&quot;opacity&quot;:1}}\" class=\"elementor-element elementor-element-4374dc0 elementor-widget elementor-widget-hub_fancy_heading lqd-el-has-inner-anim\" data-id=\"4374dc0\" data-element_type=\"widget\" data-settings=\"{&quot;enable_split&quot;:&quot;true&quot;,&quot;split_type&quot;:&quot;words&quot;}\" data-widget_type=\"hub_fancy_heading.default\">\n\t\t\t\t<div class=\"elementor-widget-container\">\n\t\t\t\t\t\n\t\t<div id=\"ld-fancy-heading-69e73f14e2395\" class=\"ld-fancy-heading pos-rel\">\n\t\t\t<h2 class=\"ld-fh-element d-inline-block pos-rel  elementor-heading-title lqd-highlight-classic lqd-highlight-grow-left lqd-split-words h2\"  data-split-text=\"true\" data-split-options='{\"type\":\"words\"}'> F\u00fchrungen<\/h2>\t\t<\/div>\n\n\t\t\t\t\t\t<\/div>\n\t\t\t\t<\/div>\n\t\t\t\t<\/div>\n\t\t\t\t<\/div>\n\t\t\t\t<\/div>\n\t\t<div class=\"elementor-element elementor-element-8cae2d3 e-con-full e-flex e-con e-parent\" data-id=\"8cae2d3\" data-element_type=\"container\" data-settings=\"{&quot;background_background&quot;:&quot;classic&quot;}\">\n\t\t<div class=\"elementor-element elementor-element-a44afcc e-con-full e-flex e-con e-child\" data-id=\"a44afcc\" data-element_type=\"container\" data-settings=\"{&quot;background_background&quot;:&quot;classic&quot;}\">\n\t\t\t\t<div class=\"elementor-element elementor-element-4dbda2c elementor-widget elementor-widget-spacer\" data-id=\"4dbda2c\" data-element_type=\"widget\" data-widget_type=\"spacer.default\">\n\t\t\t\t<div class=\"elementor-widget-container\">\n\t\t\t\t\t\t\t<div class=\"elementor-spacer\">\n\t\t\t<div class=\"elementor-spacer-inner\"><\/div>\n\t\t<\/div>\n\t\t\t\t\t\t<\/div>\n\t\t\t\t<\/div>\n\t\t\t\t<\/div>\n\t\t<div class=\"elementor-element elementor-element-d024b67 e-con-full e-flex e-con e-child\" data-id=\"d024b67\" data-element_type=\"container\">\n\t\t\t\t<div class=\"elementor-element elementor-element-15a1671 elementor-widget elementor-widget-hub_fancy_heading\" data-id=\"15a1671\" data-element_type=\"widget\" data-widget_type=\"hub_fancy_heading.default\">\n\t\t\t\t<div class=\"elementor-widget-container\">\n\t\t\t\t\t\n\t\t<div id=\"ld-fancy-heading-69e73f14e2ece\" class=\"ld-fancy-heading pos-rel\">\n\t\t\t<h6 class=\"ld-fh-element d-inline-block pos-rel  elementor-heading-title lqd-highlight-classic lqd-highlight-grow-left h6\"  > \u2014 F\u00fchrungen durch die R\u00f6sterei<\/h6>\t\t<\/div>\n\n\t\t\t\t\t\t<\/div>\n\t\t\t\t<\/div>\n\t\t\t\t<div class=\"elementor-element elementor-element-0b26d79 elementor-widget elementor-widget-hub_fancy_heading\" data-id=\"0b26d79\" data-element_type=\"widget\" data-widget_type=\"hub_fancy_heading.default\">\n\t\t\t\t<div class=\"elementor-widget-container\">\n\t\t\t\t\t\n\t\t<div id=\"ld-fancy-heading-69e73f14e30ab\" class=\"ld-fancy-heading pos-rel\">\n\t\t\t<h2 class=\"ld-fh-element d-inline-block pos-rel  elementor-heading-title lqd-highlight-classic lqd-highlight-grow-left h3\"  > Eine faszinierende Reise vom Korn zur Tasse.<\/h2>\t\t<\/div>\n\n\t\t\t\t\t\t<\/div>\n\t\t\t\t<\/div>\n\t\t\t\t<div class=\"elementor-element elementor-element-b12f4f5 elementor-widget__width-auto elementor-widget-tablet__width-initial elementor-widget-mobile__width-inherit elementor-widget elementor-widget-hub_fancy_heading\" data-id=\"b12f4f5\" data-element_type=\"widget\" data-widget_type=\"hub_fancy_heading.default\">\n\t\t\t\t<div class=\"elementor-widget-container\">\n\t\t\t\t\t\n\t\t<div id=\"ld-fancy-heading-69e73f14e3276\" class=\"ld-fancy-heading pos-rel\">\n\t\t\t<p class=\"ld-fh-element d-inline-block pos-rel  lqd-highlight-classic lqd-highlight-grow-left p\"  > Wollten Sie schon immer einmal hautnah erleben, wie eine perfekte Tasse Kaffee entsteht? Unsere F\u00fchrungen f\u00fchren Sie in das pulsierende Herz unserer R\u00f6sterei und lassen Sie die Welt des Kaffees hautnah erleben.<br>\n<br><b>Was Sie erwartet<\/b><br>\n1. <b>Einf\u00fchrung in die Welt des Kaffees<\/b><br>\nDie Tour beginnt in unserem Schulungsraum mit einer einf\u00fchrenden Pr\u00e4sentation: Anhand von Bildern und Geschichten erz\u00e4hlen wir Ihnen von der Geschichte des Kaffees, den Anbaugebieten, den botanischen Sorten und den Eigenschaften, die jede Bohne einzigartig machen.\n<br>\n2. <b>Die Entdeckung des Rohkaffees<\/b><br>\nWeiter geht es in unserem R\u00f6sterei-Labor, wo Sie die verschiedenen Qualit\u00e4ten des Rohkaffees anfassen k\u00f6nnen. Sie erfahren, wie die Ernte abl\u00e4uft, was die wichtigsten Verarbeitungsschritte nach der Ernte sind und wie eine Mischung entsteht. Wir erkl\u00e4ren Ihnen auch die Unterschiede zwischen den Kaffeesorten der verschiedenen L\u00e4nder und die Besonderheiten, die sie auszeichnen.\n<br>\n3. <b>Das Herz der R\u00f6sterei<\/b><br>\nSchlie\u00dflich begleiten wir Sie in die Produktion, um den R\u00f6stprozess aus n\u00e4chster N\u00e4he zu beobachten: die Ger\u00fcche, die Ger\u00e4usche und die Verwandlung der Bohne, die zu Kaffee wird. Sie werden unsere Maschinen in Betrieb sehen und erfahren, wie der Kaffee verpackt wird, damit er in die Tassen der ganzen Welt gelangt.<\/p>\t\t<\/div>\n\n\t\t\t\t\t\t<\/div>\n\t\t\t\t<\/div>\n\t\t\t\t<div class=\"elementor-element elementor-element-b84a820 elementor-widget elementor-widget-spacer\" data-id=\"b84a820\" data-element_type=\"widget\" data-widget_type=\"spacer.default\">\n\t\t\t\t<div class=\"elementor-widget-container\">\n\t\t\t\t\t\t\t<div class=\"elementor-spacer\">\n\t\t\t<div class=\"elementor-spacer-inner\"><\/div>\n\t\t<\/div>\n\t\t\t\t\t\t<\/div>\n\t\t\t\t<\/div>\n\t\t\t\t<\/div>\n\t\t\t\t<\/div>\n\t\t\t\t<section class=\"elementor-section elementor-top-section elementor-element elementor-element-6b3d9e0 elementor-section-height-full elementor-reverse-mobile elementor-section-boxed elementor-section-height-default elementor-section-items-middle\" data-id=\"6b3d9e0\" data-element_type=\"section\" data-settings=\"{&quot;background_background&quot;:&quot;classic&quot;}\">\n\t\t\t\t\t\t<div class=\"elementor-container elementor-column-gap-extended\">\n\t\t\t\t\t<div class=\"elementor-column elementor-col-50 elementor-top-column elementor-element elementor-element-1eb2aeda\" data-id=\"1eb2aeda\" data-element_type=\"column\">\n\t\t\t<div class=\"elementor-widget-wrap elementor-element-populated\">\n\t\t\t\t\t\t<div class=\"elementor-element elementor-element-f7046c5 elementor-widget elementor-widget-hub_fancy_heading\" data-id=\"f7046c5\" data-element_type=\"widget\" data-widget_type=\"hub_fancy_heading.default\">\n\t\t\t\t<div class=\"elementor-widget-container\">\n\t\t\t\t\t\n\t\t<div id=\"ld-fancy-heading-69e73f14e6c3a\" class=\"ld-fancy-heading pos-rel\">\n\t\t\t<p class=\"ld-fh-element d-inline-block pos-rel  lqd-highlight-classic lqd-highlight-grow-left p\"  > <b>Infos und Reservierungen<\/b><br><br>\nDauer<img decoding=\"async\" role=\"img\" class=\"emoji\" alt=\"\u23f1\" src=\"https:\/\/s.w.org\/images\/core\/emoji\/15.0.3\/svg\/23f1.svg\"> 60 minuti<br><br>\nF\u00fcr verf\u00fcgbare Zeiten, Besuchskosten oder um ein pers\u00f6nliches Erlebnis zu buchen, schreiben Sie uns an:\n\ud83d\udce9 <a href=\"mailto:marketing@torrcaffe.it\">marketing@torrcaffe.it<\/a>\n\n<br><br>Wir freuen uns darauf, unsere Leidenschaft f\u00fcr Kaffee mit Ihnen zu teilen!<\/p>\t\t<\/div>\n\n\t\t\t\t\t\t<\/div>\n\t\t\t\t<\/div>\n\t\t\t\t\t<\/div>\n\t\t<\/div>\n\t\t\t\t<div class=\"elementor-column elementor-col-50 elementor-top-column elementor-element elementor-element-6a74021\" data-id=\"6a74021\" data-element_type=\"column\">\n\t\t\t<div class=\"elementor-widget-wrap elementor-element-populated\">\n\t\t\t\t\t\t<div class=\"elementor-element elementor-element-7475937e elementor-widget elementor-widget-ld_masked_image\" data-id=\"7475937e\" data-element_type=\"widget\" data-widget_type=\"ld_masked_image.default\">\n\t\t\t\t<div class=\"elementor-widget-container\">\n\t\t\t\t\t\n\t\t<style>\n\t\t\t#ld_masked_image-69e73f14e705f .clip-svg {\n\t\t\t\tclip-path: url(#svg-69e73f14e705e);\n\t\t\t\t-webkit-clip-path: url(#svg-69e73f14e705e);\n\t\t\t\tbackground-size: cover;\n\t\t\t\tbackground-position-x: 50%;\n\t\t\t\tbackground-position-y: 50%;\n\t\t\t}\n\t\t<\/style>\n\n\t\t<div class=\"ld-masked-image\" id=\"ld_masked_image-69e73f14e705f\" data-dynamic-shape=\"true\">\n\t\t\t<svg class=\"scene lqd-overlay\" viewBox=\"140 140 140 140\">\n\t\t\t\t<defs>\n\t\t\t\t\t<clipPath id=\"svg-69e73f14e705e\" clipPathUnits=\"objectBoundingBox\" transform=\"scale(0.00158)\">\n\t\t\t\t\t\t<path\n\t\t\t\t\t\t\tvector-effect=\"non-scaling-stroke\"\n\t\t\t\t\t\t\tfill=\"black\"\n\t\t\t\t\t\t\td=\"M212.625,0.091 C319.112,-2.992 719.225,71.583 615.507,328.179 C511.789,584.775 250.263,624.292 112.94,568.057 C-24.383,511.822 -12.023,229.89 23.583,138.127 C59.189,46.364 106.138,3.174 212.625,0.091 Z\"\n\t\t\t\t\t\t\tpathdata:id=\"M362.5,4 C487,4 631,-44 631,201.5 C631,447 538,623.5 310.5,581.5 C83,539.5 -29.917,266.627 7,156.5 C43.917,46.373 238,4 362.5,4 Z;M370,18 C494.5,18 627,-56.5 627,189 C627,434.5 405.5,573.5 155.5,581 C-94.5,588.5 23.083,175.127 60,65 C96.917,-45.127 245.5,18 370,18 Z\"\n\t\t\t\t\t\t\/>\n\t\t\t\t\t<\/clipPath>\n\t\t\t\t<\/defs>\n\t\t\t<\/svg>\n\n\t\t\t<figure class=\"clip-svg\" data-responsive-bg=\"true\" style='background-image: url(\"https:\/\/torrcaffe.it\/wp-content\/uploads\/2025\/05\/IMG-20230530-WA0019.jpg\");' >\n\t\t\t\t<img fetchpriority=\"high\" decoding=\"async\" width=\"1600\" height=\"1200\" src=\"https:\/\/torrcaffe.it\/wp-content\/uploads\/2025\/05\/IMG-20230530-WA0019.jpg\" class=\"w-100 invisible\" alt=\"\" srcset=\"https:\/\/torrcaffe.it\/wp-content\/uploads\/2025\/05\/IMG-20230530-WA0019.jpg 1600w, https:\/\/torrcaffe.it\/wp-content\/uploads\/2025\/05\/IMG-20230530-WA0019-300x225.jpg 300w, https:\/\/torrcaffe.it\/wp-content\/uploads\/2025\/05\/IMG-20230530-WA0019-1024x768.jpg 1024w\" sizes=\"(max-width: 1600px) 100vw, 1600px\" itemprop=\"image\" \/>\t\t\t<\/figure>\n\t\t<\/div>\n\n\t\t\t\t\t\t<\/div>\n\t\t\t\t<\/div>\n\t\t\t\t\t<\/div>\n\t\t<\/div>\n\t\t\t\t\t<\/div>\n\t\t<\/section>\n\t\t\t\t<\/div>\n\t\t","protected":false},"excerpt":{"rendered":"<p>F\u00fchrungen \u2014 F\u00fchrungen durch die R\u00f6sterei Eine faszinierende Reise vom Korn zur Tasse. Wollten Sie schon immer einmal hautnah erleben, wie eine perfekte Tasse Kaffee entsteht? Unsere F\u00fchrungen f\u00fchren Sie in das pulsierende Herz unserer R\u00f6sterei und lassen Sie die Welt des Kaffees hautnah erleben. Was Sie erwartet 1. Einf\u00fchrung in die Welt des Kaffees [&hellip;]<\/p>\n","protected":false},"author":3,"featured_media":0,"parent":2920,"menu_order":0,"comment_status":"closed","ping_status":"closed","template":"","meta":{"footnotes":""},"class_list":["post-5800","page","type-page","status-publish","hentry"],"aioseo_notices":[],"_links":{"self":[{"href":"https:\/\/torrcaffe.it\/de\/wp-json\/wp\/v2\/pages\/5800","targetHints":{"allow":["GET"]}}],"collection":[{"href":"https:\/\/torrcaffe.it\/de\/wp-json\/wp\/v2\/pages"}],"about":[{"href":"https:\/\/torrcaffe.it\/de\/wp-json\/wp\/v2\/types\/page"}],"author":[{"embeddable":true,"href":"https:\/\/torrcaffe.it\/de\/wp-json\/wp\/v2\/users\/3"}],"replies":[{"embeddable":true,"href":"https:\/\/torrcaffe.it\/de\/wp-json\/wp\/v2\/comments?post=5800"}],"version-history":[{"count":3,"href":"https:\/\/torrcaffe.it\/de\/wp-json\/wp\/v2\/pages\/5800\/revisions"}],"predecessor-version":[{"id":5803,"href":"https:\/\/torrcaffe.it\/de\/wp-json\/wp\/v2\/pages\/5800\/revisions\/5803"}],"up":[{"embeddable":true,"href":"https:\/\/torrcaffe.it\/de\/wp-json\/wp\/v2\/pages\/2920"}],"wp:attachment":[{"href":"https:\/\/torrcaffe.it\/de\/wp-json\/wp\/v2\/media?parent=5800"}],"curies":[{"name":"wp","href":"https:\/\/api.w.org\/{rel}","templated":true}]}}