{"id":2866,"date":"2021-08-24T11:38:31","date_gmt":"2021-08-24T11:38:31","guid":{"rendered":"https:\/\/torrcaffe.krescendo.it\/azienda\/"},"modified":"2025-03-17T09:58:06","modified_gmt":"2025-03-17T09:58:06","slug":"ueber-uns","status":"publish","type":"page","link":"https:\/\/torrcaffe.it\/de\/ueber-uns\/","title":{"rendered":"Ueber uns"},"content":{"rendered":"\t\t<div data-elementor-type=\"wp-page\" data-elementor-id=\"2866\" class=\"elementor elementor-2866 elementor-375\">\n\t\t\t\t\t\t<section class=\"elementor-section elementor-top-section elementor-element elementor-element-ca93826 elementor-section-full_width elementor-section-height-min-height elementor-section-height-default elementor-section-items-middle\" data-id=\"ca93826\" data-element_type=\"section\" data-settings=\"{&quot;background_background&quot;:&quot;classic&quot;}\">\n\t\t\t\t\t\t<div class=\"elementor-container elementor-column-gap-default\">\n\t\t\t\t\t<div class=\"elementor-column elementor-col-100 elementor-top-column elementor-element elementor-element-8b80aa1\" data-id=\"8b80aa1\" data-element_type=\"column\">\n\t\t\t<div class=\"elementor-widget-wrap\">\n\t\t\t\t\t\t\t<\/div>\n\t\t<\/div>\n\t\t\t\t\t<\/div>\n\t\t<\/section>\n\t\t<div class=\"elementor-element elementor-element-1dae5c0b e-flex e-con-boxed e-con e-parent\" data-id=\"1dae5c0b\" data-element_type=\"container\" data-settings=\"{&quot;background_background&quot;:&quot;classic&quot;}\">\n\t\t\t\t\t<div class=\"e-con-inner\">\n\t\t\t\t<div class=\"elementor-element elementor-element-672db79e elementor-widget elementor-widget-hub_fancy_heading lqd-el-has-inner-anim\" data-id=\"672db79e\" data-element_type=\"widget\" data-settings=\"{&quot;enable_split&quot;:&quot;true&quot;,&quot;split_type&quot;:&quot;chars, words&quot;}\" data-widget_type=\"hub_fancy_heading.default\">\n\t\t\t\t<div class=\"elementor-widget-container\">\n\t\t\t\t\t\n\t\t<div id=\"ld-fancy-heading-69e6ff4a51c4a\" class=\"ld-fancy-heading pos-rel\">\n\t\t\t<h6 class=\"ld-fh-element d-inline-block pos-rel  elementor-heading-title lqd-highlight-classic lqd-highlight-grow-left lqd-split-chars h6\"  data-split-text=\"true\" data-split-options='{\"type\":\"chars, words\"}'> \u2014 \u00dcBER UNS<\/h6>\t\t<\/div>\n\n\t\t\t\t\t\t<\/div>\n\t\t\t\t<\/div>\n\t\t\t\t<div class=\"elementor-element elementor-element-44da7891 elementor-widget elementor-widget-hub_fancy_heading lqd-el-has-inner-anim\" data-id=\"44da7891\" data-element_type=\"widget\" data-settings=\"{&quot;enable_split&quot;:&quot;true&quot;,&quot;split_type&quot;:&quot;chars, words&quot;}\" data-widget_type=\"hub_fancy_heading.default\">\n\t\t\t\t<div class=\"elementor-widget-container\">\n\t\t\t\t\t\n\t\t<div id=\"ld-fancy-heading-69e6ff4a51ffa\" class=\"ld-fancy-heading pos-rel\">\n\t\t\t<h2 class=\"ld-fh-element d-inline-block pos-rel  elementor-heading-title lqd-highlight-classic lqd-highlight-grow-left lqd-split-chars h1\"  data-split-text=\"true\" data-split-options='{\"type\":\"chars, words\"}'> Torrcaff\u00e8. Einfache Holzr\u00f6stung<\/h2>\t\t<\/div>\n\n\t\t\t\t\t\t<\/div>\n\t\t\t\t<\/div>\n\t\t\t\t<div class=\"elementor-element elementor-element-41fd4a84 elementor-widget__width-auto elementor-widget-mobile__width-inherit elementor-widget-tablet__width-initial elementor-widget elementor-widget-hub_fancy_heading lqd-el-has-inner-anim\" data-id=\"41fd4a84\" data-element_type=\"widget\" data-settings=\"{&quot;enable_split&quot;:&quot;true&quot;,&quot;split_type&quot;:&quot;lines&quot;}\" data-widget_type=\"hub_fancy_heading.default\">\n\t\t\t\t<div class=\"elementor-widget-container\">\n\t\t\t\t\t\n\t\t<div id=\"ld-fancy-heading-69e6ff4a52239\" class=\"ld-fancy-heading pos-rel\">\n\t\t\t<p class=\"ld-fh-element d-inline-block pos-rel  lqd-highlight-classic lqd-highlight-grow-left lqd-split-lines p\"  data-split-text=\"true\" data-split-options='{\"type\":\"lines\"}'> Im Jahr 1960, als in den Kinos \u201eLa Dolce Vita\u201c von Federico Fellini lief, verliebte sich im\nHerzen der Food Valley im selben Jahr Otello Nironi in den Kaffee.\nDie Liebe f\u00fcr den Kaffee, die emilianische Hartn\u00e4ckigkeit und die unternehmerischen F\u00e4higkeiten\nverwandeln Otellos Traum innerhalb k\u00fcrzester Zeit in eine Vollzeitarbeit: Das\nFamilienunternehmen wird dort, wo alles angefangen hat, gegr\u00fcndet.<\/p>\t\t<\/div>\n\n\t\t\t\t\t\t<\/div>\n\t\t\t\t<\/div>\n\t\t<div class=\"elementor-element elementor-element-2ec58238 e-flex e-con-boxed e-con e-child\" data-id=\"2ec58238\" data-element_type=\"container\">\n\t\t\t\t\t<div class=\"e-con-inner\">\n\t\t\t\t<div data-parallax=\"true\" data-parallax-options=\"{&quot;ease&quot;:[&quot;linear&quot;],&quot;start&quot;:&quot;top bottom&quot;,&quot;end&quot;:&quot;bottom+=0px top&quot;}\" data-parallax-from=\"{&quot;x&quot;:&quot;30px&quot;,&quot;y&quot;:&quot;100px&quot;}\" data-parallax-to=\"{&quot;x&quot;:&quot;0px&quot;,&quot;y&quot;:&quot;-100px&quot;}\" class=\"elementor-element elementor-element-2228de77 elementor-widget__width-initial elementor-widget-mobile__width-initial elementor-widget elementor-widget-ld_fancy_image\" data-id=\"2228de77\" data-element_type=\"widget\" data-widget_type=\"ld_fancy_image.default\">\n\t\t\t\t<div class=\"elementor-widget-container\">\n\t\t\t\t\t\n\t\t<div class=\"lqd-imggrp-single d-block pos-rel \" data-shadow-style=\"1\" data-inview=\"true\" data-animate-shadow=\"true\">\n\t\t\t<div class=\"lqd-imggrp-img-container d-inline-flex pos-rel align-items-center justify-content-center \">\n\t\t\t\t\t\t\t\t<figure class=\"w-100 pos-rel\">\n\t\t\t\t\t<img fetchpriority=\"high\" decoding=\"async\" width=\"740\" height=\"1104\" src=\"https:\/\/torrcaffe.it\/wp-content\/uploads\/2024\/04\/espresso-chisiamo.jpg\" class=\"attachment-full size-full wp-image-2076\" alt=\"\" srcset=\"https:\/\/torrcaffe.it\/wp-content\/uploads\/2024\/04\/espresso-chisiamo.jpg 740w, https:\/\/torrcaffe.it\/wp-content\/uploads\/2024\/04\/espresso-chisiamo-201x300.jpg 201w, https:\/\/torrcaffe.it\/wp-content\/uploads\/2024\/04\/espresso-chisiamo-686x1024.jpg 686w, https:\/\/torrcaffe.it\/wp-content\/uploads\/2024\/04\/espresso-chisiamo-600x895.jpg 600w\" sizes=\"(max-width: 740px) 100vw, 740px\" itemprop=\"image\" \/>\t\t\t\t\t\t\t\t\t\t\t\t\t\t\t\t\t\t\t\t\t\t\t\t\t\t\t\t\t<\/figure>\n\t\t\t<\/div>\n\t\t<\/div>\n\n\t\t\t\t\t<\/div>\n\t\t\t\t<\/div>\n\t\t\t\t<div data-parallax=\"true\" data-parallax-options=\"{&quot;ease&quot;:[&quot;linear&quot;],&quot;start&quot;:&quot;top bottom&quot;,&quot;end&quot;:&quot;bottom+=0px top&quot;}\" data-parallax-from=\"{&quot;x&quot;:&quot;-30px&quot;,&quot;y&quot;:&quot;-40px&quot;}\" data-parallax-to=\"{&quot;x&quot;:&quot;0px&quot;,&quot;y&quot;:&quot;80px&quot;}\" class=\"elementor-element elementor-element-672ec76 elementor-widget__width-initial elementor-widget elementor-widget-ld_fancy_image\" data-id=\"672ec76\" data-element_type=\"widget\" data-widget_type=\"ld_fancy_image.default\">\n\t\t\t\t<div class=\"elementor-widget-container\">\n\t\t\t\t\t\n\t\t<div class=\"lqd-imggrp-single d-block pos-rel \" data-shadow-style=\"2\" data-inview=\"true\" data-animate-shadow=\"true\">\n\t\t\t<div class=\"lqd-imggrp-img-container d-inline-flex pos-rel align-items-center justify-content-center \">\n\t\t\t\t\t\t\t\t<figure class=\"w-100 pos-rel\">\n\t\t\t\t\t<img decoding=\"async\" width=\"1200\" height=\"954\" src=\"data:image\/svg+xml;charset=utf-8,%3Csvg xmlns%3D&#039;http%3A%2F%2Fwww.w3.org%2F2000%2Fsvg&#039; viewBox%3D&#039;0 0 1200 954&#039;%2F%3E\" class=\"attachment-full size-full wp-image-3729 ld-lazyload\" alt=\"\" itemprop=\"image\" data-src=\"https:\/\/torrcaffe.it\/wp-content\/uploads\/2024\/12\/5.jpg\" data-srcset=\"https:\/\/torrcaffe.it\/wp-content\/uploads\/2024\/12\/5.jpg 1200w, https:\/\/torrcaffe.it\/wp-content\/uploads\/2024\/12\/5-300x239.jpg 300w, https:\/\/torrcaffe.it\/wp-content\/uploads\/2024\/12\/5-1024x814.jpg 1024w, https:\/\/torrcaffe.it\/wp-content\/uploads\/2024\/12\/5-600x477.jpg 600w\" data-sizes=\"(max-width: 1200px) 100vw, 1200px\" data-aspect=\"1.2578616352201\" \/>\t\t\t\t\t\t\t\t\t\t\t\t\t\t\t\t\t\t\t\t\t\t\t\t\t\t\t\t\t<\/figure>\n\t\t\t<\/div>\n\t\t<\/div>\n\n\t\t\t\t\t<\/div>\n\t\t\t\t<\/div>\n\t\t\t\t\t<\/div>\n\t\t\t\t<\/div>\n\t\t<div class=\"elementor-element elementor-element-e06136c e-con-full e-flex e-con e-child\" data-id=\"e06136c\" data-element_type=\"container\">\n\t\t\t\t<div class=\"elementor-element elementor-element-e54ca2f elementor-widget elementor-widget-hub_fancy_heading lqd-el-has-inner-anim\" data-id=\"e54ca2f\" data-element_type=\"widget\" data-settings=\"{&quot;enable_split&quot;:&quot;true&quot;,&quot;split_type&quot;:&quot;chars, words&quot;}\" data-widget_type=\"hub_fancy_heading.default\">\n\t\t\t\t<div class=\"elementor-widget-container\">\n\t\t\t\t\t\n\t\t<div id=\"ld-fancy-heading-69e6ff4a5689f\" class=\"ld-fancy-heading pos-rel\">\n\t\t\t<h6 class=\"ld-fh-element d-inline-block pos-rel  elementor-heading-title lqd-highlight-classic lqd-highlight-grow-left lqd-split-chars h6\"  data-split-text=\"true\" data-split-options='{\"type\":\"chars, words\"}'> \u2014 Geschichte<\/h6>\t\t<\/div>\n\n\t\t\t\t\t\t<\/div>\n\t\t\t\t<\/div>\n\t\t\t\t<div class=\"elementor-element elementor-element-98c4461 elementor-widget elementor-widget-hub_fancy_heading lqd-el-has-inner-anim\" data-id=\"98c4461\" data-element_type=\"widget\" data-settings=\"{&quot;enable_split&quot;:&quot;true&quot;,&quot;split_type&quot;:&quot;chars, words&quot;}\" data-widget_type=\"hub_fancy_heading.default\">\n\t\t\t\t<div class=\"elementor-widget-container\">\n\t\t\t\t\t\n\t\t<div id=\"ld-fancy-heading-69e6ff4a56abd\" class=\"ld-fancy-heading pos-rel\">\n\t\t\t<h2 class=\"ld-fh-element d-inline-block pos-rel  elementor-heading-title lqd-highlight-classic lqd-highlight-grow-left lqd-split-chars h1\"  data-split-text=\"true\" data-split-options='{\"type\":\"chars, words\"}'> R\u00f6stung mit Holz aus unseren Apenninen<\/h2>\t\t<\/div>\n\n\t\t\t\t\t\t<\/div>\n\t\t\t\t<\/div>\n\t\t\t\t<div class=\"elementor-element elementor-element-0038fbe elementor-widget-tablet__width-initial elementor-widget-mobile__width-inherit elementor-widget elementor-widget-hub_fancy_heading lqd-el-has-inner-anim\" data-id=\"0038fbe\" data-element_type=\"widget\" data-settings=\"{&quot;enable_split&quot;:&quot;true&quot;,&quot;split_type&quot;:&quot;lines&quot;}\" data-widget_type=\"hub_fancy_heading.default\">\n\t\t\t\t<div class=\"elementor-widget-container\">\n\t\t\t\t\t\n\t\t<div id=\"ld-fancy-heading-69e6ff4a56cac\" class=\"ld-fancy-heading pos-rel\">\n\t\t\t<p class=\"ld-fh-element d-inline-block pos-rel  lqd-highlight-classic lqd-highlight-grow-left lqd-split-lines p\"  data-split-text=\"true\" data-split-options='{\"type\":\"lines\"}'> Torrcaff\u00e8 verwendet seit jeher die Methode der Holzfeuerr\u00f6stung, um \u00fcber einen rein\nhandwerklichen Prozess einen sehr hohen Qualit\u00e4tsstandard zu erreichen. Es ist ein heikler\nVorgang, der sehr viel K\u00f6nnen erfordert: Jede einzelne Bohne wird gleichm\u00e4\u00dfig innerhalb genauer\nR\u00f6stzeiten ger\u00f6stet, um den vollmundigen Geschmack und das kr\u00e4ftige Aroma vollst\u00e4ndig zu\nbewahren. Beim verwendeten Holz handelt es sich um eine Kombination aus F\u00e4rber-Eiche und\nRotbuche aus den W\u00e4ldern des Apennins, also um Holz, das hinter dem Haus steht und im\nEinklang mit der Umwelt gewonnen wird.<\/p>\t\t<\/div>\n\n\t\t\t\t\t\t<\/div>\n\t\t\t\t<\/div>\n\t\t\t\t<div class=\"elementor-element elementor-element-88856f4 elementor-hidden-desktop elementor-hidden-tablet elementor-hidden-mobile elementor-widget elementor-widget-ld_button\" data-id=\"88856f4\" data-element_type=\"widget\" data-widget_type=\"ld_button.default\">\n\t\t\t\t<div class=\"elementor-widget-container\">\n\t\t\t\t\t\n\t\t\t<a\n\t\t\t\thref=\"#\"class=\"elementor-button btn btn-solid btn-hover-txt-liquid-x btn-lg btn-icon-shaped btn-has-label\"\t\t\t>\n\t\t\t\t\t\t\t\t\t<span data-text=\"LESEN SIE MEHR \u00dcBER NACHHALTIGKEIT\" class=\"btn-txt\" data-transition-delay=\"true\" data-delay-options=\"{&quot;elements&quot;: &quot;.lqd-chars&quot;, &quot;delayType&quot;: &quot;animation&quot;, &quot;startDelay&quot;: 0, &quot;delayBetween&quot;: 32.5}\" data-split-text=\"true\" data-split-options=\"{&quot;type&quot;: &quot;chars, words&quot;}\">\n\t\t\t\t\t\tLESEN SIE MEHR \u00dcBER NACHHALTIGKEIT\t\t\t\t\t<\/span>\n\t\t\t\t\t\t\t\t\t\t\t<\/a>\n\t\t\t\t\t\t\t<\/div>\n\t\t\t\t<\/div>\n\t\t\t\t<\/div>\n\t\t\t\t\t<\/div>\n\t\t\t\t<\/div>\n\t\t<div class=\"elementor-element elementor-element-15b09e6 e-flex e-con-boxed e-con e-parent\" data-id=\"15b09e6\" data-element_type=\"container\">\n\t\t\t\t\t<div class=\"e-con-inner\">\n\t\t\t\t<div class=\"elementor-element elementor-element-4770f69 elementor-widget elementor-widget-image-gallery\" data-id=\"4770f69\" data-element_type=\"widget\" data-widget_type=\"image-gallery.default\">\n\t\t\t\t<div class=\"elementor-widget-container\">\n\t\t\t\t\t\t\t<div class=\"elementor-image-gallery\">\n\t\t\t<div id='gallery-1' class='gallery galleryid-2866 gallery-columns-2 gallery-size-full'><figure class='gallery-item'>\n\t\t\t<div class='gallery-icon landscape'>\n\t\t\t\t<img decoding=\"async\" width=\"1200\" height=\"954\" src=\"data:image\/svg+xml;charset=utf-8,%3Csvg xmlns%3D&#039;http%3A%2F%2Fwww.w3.org%2F2000%2Fsvg&#039; viewBox%3D&#039;0 0 1200 954&#039;%2F%3E\" class=\"attachment-full size-full ld-lazyload\" alt=\"\" itemprop=\"image\" data-src=\"https:\/\/torrcaffe.it\/wp-content\/uploads\/2024\/12\/6_.jpg\" data-srcset=\"https:\/\/torrcaffe.it\/wp-content\/uploads\/2024\/12\/6_.jpg 1200w, https:\/\/torrcaffe.it\/wp-content\/uploads\/2024\/12\/6_-300x239.jpg 300w, https:\/\/torrcaffe.it\/wp-content\/uploads\/2024\/12\/6_-1024x814.jpg 1024w\" data-sizes=\"(max-width: 1200px) 100vw, 1200px\" data-aspect=\"1.2578616352201\" \/>\n\t\t\t<\/div><\/figure><figure class='gallery-item'>\n\t\t\t<div class='gallery-icon landscape'>\n\t\t\t\t<img loading=\"lazy\" decoding=\"async\" width=\"1200\" height=\"954\" src=\"data:image\/svg+xml;charset=utf-8,%3Csvg xmlns%3D&#039;http%3A%2F%2Fwww.w3.org%2F2000%2Fsvg&#039; viewBox%3D&#039;0 0 1200 954&#039;%2F%3E\" class=\"attachment-full size-full ld-lazyload\" alt=\"\" itemprop=\"image\" data-src=\"https:\/\/torrcaffe.it\/wp-content\/uploads\/2024\/01\/caffetostatolegna.jpg\" data-srcset=\"https:\/\/torrcaffe.it\/wp-content\/uploads\/2024\/01\/caffetostatolegna.jpg 1200w, https:\/\/torrcaffe.it\/wp-content\/uploads\/2024\/01\/caffetostatolegna-300x239.jpg 300w, https:\/\/torrcaffe.it\/wp-content\/uploads\/2024\/01\/caffetostatolegna-1024x814.jpg 1024w, https:\/\/torrcaffe.it\/wp-content\/uploads\/2024\/01\/caffetostatolegna-600x477.jpg 600w\" data-sizes=\"(max-width: 1200px) 100vw, 1200px\" data-aspect=\"1.2578616352201\" \/>\n\t\t\t<\/div><\/figure>\n\t\t<\/div>\n\t\t<\/div>\n\t\t\t\t\t\t<\/div>\n\t\t\t\t<\/div>\n\t\t\t\t\t<\/div>\n\t\t\t\t<\/div>\n\t\t<div class=\"elementor-element elementor-element-324d8da e-flex e-con-boxed e-con e-parent\" data-id=\"324d8da\" data-element_type=\"container\" data-settings=\"{&quot;background_background&quot;:&quot;classic&quot;}\">\n\t\t\t\t\t<div class=\"e-con-inner\">\n\t\t<div class=\"elementor-element elementor-element-086c2f2 e-con-full e-flex e-con e-child\" data-id=\"086c2f2\" data-element_type=\"container\">\n\t\t\t\t<div data-custom-animations=\"true\" data-ca-options=\"{&quot;addChildTimelines&quot;:false,&quot;animationTarget&quot;:&quot;.lqd-split-words .lqd-words .split-inner, .lqd-adv-txt-fig&quot;,&quot;ease&quot;:[&quot;power4.out&quot;],&quot;initValues&quot;:{&quot;x&quot;:&quot;-30px&quot;,&quot;y&quot;:&quot;10px&quot;,&quot;rotationX&quot;:5,&quot;opacity&quot;:0},&quot;animations&quot;:{&quot;x&quot;:&quot;0px&quot;,&quot;y&quot;:&quot;0px&quot;,&quot;rotationX&quot;:0,&quot;opacity&quot;:1}}\" class=\"elementor-element elementor-element-3a5d695 elementor-widget elementor-widget-hub_fancy_heading lqd-el-has-inner-anim\" data-id=\"3a5d695\" data-element_type=\"widget\" data-settings=\"{&quot;enable_split&quot;:&quot;true&quot;,&quot;split_type&quot;:&quot;words&quot;}\" data-widget_type=\"hub_fancy_heading.default\">\n\t\t\t\t<div class=\"elementor-widget-container\">\n\t\t\t\t\t\n\t\t<div id=\"ld-fancy-heading-69e6ff4a5e23f\" class=\"ld-fancy-heading pos-rel\">\n\t\t\t<h2 class=\"ld-fh-element d-inline-block pos-rel  elementor-heading-title lqd-highlight-classic lqd-highlight-grow-left lqd-split-words h1\"  data-split-text=\"true\" data-split-options='{\"type\":\"words\"}'> DER KAFFEE IST DAS HANDWERK IN DEM WIR MEISTER SIND<\/h2>\t\t<\/div>\n\n\t\t\t\t\t\t<\/div>\n\t\t\t\t<\/div>\n\t\t\t\t<div class=\"elementor-element elementor-element-719d666 elementor-widget__width-auto elementor-widget-tablet__width-initial elementor-widget-mobile__width-inherit elementor-widget elementor-widget-hub_fancy_heading lqd-el-has-inner-anim\" data-id=\"719d666\" data-element_type=\"widget\" data-settings=\"{&quot;enable_split&quot;:&quot;true&quot;,&quot;split_type&quot;:&quot;lines&quot;}\" data-widget_type=\"hub_fancy_heading.default\">\n\t\t\t\t<div class=\"elementor-widget-container\">\n\t\t\t\t\t\n\t\t<div id=\"ld-fancy-heading-69e6ff4a5e47a\" class=\"ld-fancy-heading pos-rel\">\n\t\t\t<p class=\"ld-fh-element d-inline-block pos-rel  lqd-highlight-classic lqd-highlight-grow-left lqd-split-lines p\"  data-split-text=\"true\" data-split-options='{\"type\":\"lines\"}'> Heute ist Torrcaff\u00e8 ein Unternehmen mit einer hochmodernen Produktionsst\u00e4tte, in der die alte\nKunst des R\u00f6stens \u00fcber Holzfeuer mit den fortschrittlichsten Technologien verbunden ist.\nDer Traum von Torrcaff\u00e8 geht weiter und der Blick ist auf die Welt gerichtet, w\u00e4hrend das Herz in\nder Emilia verwurzelt bleibt.\n\u00dcber die Erfahrungen der Meisterr\u00f6ster und die Wiederbelebung der alten Technik des R\u00f6stens\n\u00fcber Holzfeuer erhalten wir eine langsamere R\u00f6stung, die dem Kaffee mehr K\u00f6rper und Aroma\nverleiht.<\/p>\t\t<\/div>\n\n\t\t\t\t\t\t<\/div>\n\t\t\t\t<\/div>\n\t\t\t\t<\/div>\n\t\t<div class=\"elementor-element elementor-element-10d8565 e-con-full e-flex e-con e-child\" data-id=\"10d8565\" data-element_type=\"container\">\n\t\t<div class=\"elementor-element elementor-element-3639375 e-flex e-con-boxed e-con e-child\" data-id=\"3639375\" data-element_type=\"container\">\n\t\t\t\t\t<div class=\"e-con-inner\">\n\t\t\t\t<div class=\"elementor-element elementor-element-ed14fe3 e-transform elementor-widget elementor-widget-ld_fancy_image\" data-id=\"ed14fe3\" data-element_type=\"widget\" data-settings=\"{&quot;_transform_scale_effect&quot;:{&quot;unit&quot;:&quot;px&quot;,&quot;size&quot;:1.2,&quot;sizes&quot;:[]},&quot;_transform_scale_effect_tablet&quot;:{&quot;unit&quot;:&quot;px&quot;,&quot;size&quot;:&quot;&quot;,&quot;sizes&quot;:[]},&quot;_transform_scale_effect_mobile&quot;:{&quot;unit&quot;:&quot;px&quot;,&quot;size&quot;:&quot;&quot;,&quot;sizes&quot;:[]}}\" data-widget_type=\"ld_fancy_image.default\">\n\t\t\t\t<div class=\"elementor-widget-container\">\n\t\t\t\t\t\n\t\t<div class=\"lqd-imggrp-single d-block pos-rel \" data-float=\"\">\n\t\t\t<div class=\"lqd-imggrp-img-container d-inline-flex pos-rel align-items-center justify-content-center \">\n\t\t\t\t\t\t\t\t<figure class=\"w-100 pos-rel\">\n\t\t\t\t\t<img loading=\"lazy\" decoding=\"async\" width=\"638\" height=\"391\" src=\"data:image\/svg+xml;charset=utf-8,%3Csvg xmlns%3D&#039;http%3A%2F%2Fwww.w3.org%2F2000%2Fsvg&#039; viewBox%3D&#039;0 0 638 391&#039;%2F%3E\" class=\"attachment-full size-full wp-image-2396 ld-lazyload\" alt=\"\" itemprop=\"image\" data-src=\"https:\/\/torrcaffe.it\/wp-content\/uploads\/2024\/08\/TAZZA-CAFFE-TORR-removebg-preview.png\" data-srcset=\"https:\/\/torrcaffe.it\/wp-content\/uploads\/2024\/08\/TAZZA-CAFFE-TORR-removebg-preview.png 638w, https:\/\/torrcaffe.it\/wp-content\/uploads\/2024\/08\/TAZZA-CAFFE-TORR-removebg-preview-300x184.png 300w, https:\/\/torrcaffe.it\/wp-content\/uploads\/2024\/08\/TAZZA-CAFFE-TORR-removebg-preview-600x368.png 600w\" data-sizes=\"(max-width: 638px) 100vw, 638px\" data-aspect=\"1.6317135549872\" \/>\t\t\t\t\t\t\t\t\t\t\t\t\t\t\t\t\t\t\t\t\t\t\t\t\t\t\t\t\t<\/figure>\n\t\t\t<\/div>\n\t\t<\/div>\n\n\t\t\t\t\t<\/div>\n\t\t\t\t<\/div>\n\t\t\t\t\t<\/div>\n\t\t\t\t<\/div>\n\t\t\t\t<\/div>\n\t\t\t\t\t<\/div>\n\t\t\t\t<\/div>\n\t\t<div class=\"elementor-element elementor-element-2831ed9 e-flex e-con-boxed e-con e-parent\" data-id=\"2831ed9\" data-element_type=\"container\" data-settings=\"{&quot;background_background&quot;:&quot;classic&quot;}\">\n\t\t\t\t\t<div class=\"e-con-inner\">\n\t\t\t\t<div class=\"elementor-element elementor-element-a9de692 elementor-widget elementor-widget-image\" data-id=\"a9de692\" data-element_type=\"widget\" data-widget_type=\"image.default\">\n\t\t\t\t<div class=\"elementor-widget-container\">\n\t\t\t\t\t\t\t\t\t\t\t\t\t\t\t<img loading=\"lazy\" decoding=\"async\" width=\"2480\" height=\"3508\" src=\"data:image\/svg+xml;charset=utf-8,%3Csvg xmlns%3D&#039;http%3A%2F%2Fwww.w3.org%2F2000%2Fsvg&#039; viewBox%3D&#039;0 0 2480 3508&#039;%2F%3E\" class=\"attachment-full size-full wp-image-4152 ld-lazyload\" alt=\"\" data-src=\"https:\/\/torrcaffe.it\/wp-content\/uploads\/2024\/12\/fig1_____-1.jpg\" data-srcset=\"https:\/\/torrcaffe.it\/wp-content\/uploads\/2024\/12\/fig1_____-1.jpg 2480w, https:\/\/torrcaffe.it\/wp-content\/uploads\/2024\/12\/fig1_____-1-212x300.jpg 212w, https:\/\/torrcaffe.it\/wp-content\/uploads\/2024\/12\/fig1_____-1-724x1024.jpg 724w, https:\/\/torrcaffe.it\/wp-content\/uploads\/2024\/12\/fig1_____-1-1086x1536.jpg 1086w, https:\/\/torrcaffe.it\/wp-content\/uploads\/2024\/12\/fig1_____-1-1448x2048.jpg 1448w, https:\/\/torrcaffe.it\/wp-content\/uploads\/2024\/12\/fig1_____-1-600x849.jpg 600w\" data-sizes=\"(max-width: 2480px) 100vw, 2480px\" data-aspect=\"0.70695553021665\" \/>\t\t\t\t\t\t\t\t\t\t\t\t\t\t\t<\/div>\n\t\t\t\t<\/div>\n\t\t\t\t\t<\/div>\n\t\t\t\t<\/div>\n\t\t\t\t<\/div>\n\t\t","protected":false},"excerpt":{"rendered":"<p>\u2014 \u00dcBER UNS Torrcaff\u00e8. Einfache Holzr\u00f6stung Im Jahr 1960, als in den Kinos \u201eLa Dolce Vita\u201c von Federico Fellini lief, verliebte sich im Herzen der Food Valley im selben Jahr Otello Nironi in den Kaffee. Die Liebe f\u00fcr den Kaffee, die emilianische Hartn\u00e4ckigkeit und die unternehmerischen F\u00e4higkeiten verwandeln Otellos Traum innerhalb k\u00fcrzester Zeit in eine [&hellip;]<\/p>\n","protected":false},"author":1,"featured_media":0,"parent":0,"menu_order":0,"comment_status":"closed","ping_status":"closed","template":"","meta":{"footnotes":""},"class_list":["post-2866","page","type-page","status-publish","hentry"],"aioseo_notices":[],"_links":{"self":[{"href":"https:\/\/torrcaffe.it\/de\/wp-json\/wp\/v2\/pages\/2866","targetHints":{"allow":["GET"]}}],"collection":[{"href":"https:\/\/torrcaffe.it\/de\/wp-json\/wp\/v2\/pages"}],"about":[{"href":"https:\/\/torrcaffe.it\/de\/wp-json\/wp\/v2\/types\/page"}],"author":[{"embeddable":true,"href":"https:\/\/torrcaffe.it\/de\/wp-json\/wp\/v2\/users\/1"}],"replies":[{"embeddable":true,"href":"https:\/\/torrcaffe.it\/de\/wp-json\/wp\/v2\/comments?post=2866"}],"version-history":[{"count":1,"href":"https:\/\/torrcaffe.it\/de\/wp-json\/wp\/v2\/pages\/2866\/revisions"}],"predecessor-version":[{"id":5691,"href":"https:\/\/torrcaffe.it\/de\/wp-json\/wp\/v2\/pages\/2866\/revisions\/5691"}],"wp:attachment":[{"href":"https:\/\/torrcaffe.it\/de\/wp-json\/wp\/v2\/media?parent=2866"}],"curies":[{"name":"wp","href":"https:\/\/api.w.org\/{rel}","templated":true}]}}